{"id":3957,"date":"2025-04-15T07:32:10","date_gmt":"2025-04-15T07:32:10","guid":{"rendered":"https:\/\/seelect.es\/km-0\/"},"modified":"2025-09-02T11:39:11","modified_gmt":"2025-09-02T11:39:11","slug":"km-0","status":"publish","type":"page","link":"https:\/\/seelect.es\/ca\/km-0\/","title":{"rendered":"KM 0"},"content":{"rendered":"\t\t<div data-elementor-type=\"wp-page\" data-elementor-id=\"3957\" class=\"elementor elementor-3957 elementor-3785\" data-elementor-post-type=\"page\">\n\t\t\t\t<div class=\"elementor-element elementor-element-86deef5 e-flex e-con-boxed e-con e-parent\" data-id=\"86deef5\" data-element_type=\"container\" data-e-type=\"container\">\n\t\t\t\t\t<div class=\"e-con-inner\">\n\t\t<div class=\"elementor-element elementor-element-59a191b e-con-full e-flex e-con e-child\" data-id=\"59a191b\" data-element_type=\"container\" data-e-type=\"container\">\n\t\t\t\t<div class=\"elementor-element elementor-element-c609af6 elementor-widget elementor-widget-image\" data-id=\"c609af6\" data-element_type=\"widget\" data-e-type=\"widget\" data-widget_type=\"image.default\">\n\t\t\t\t<div class=\"elementor-widget-container\">\n\t\t\t\t\t\t\t\t\t\t\t\t\t\t\t<img fetchpriority=\"high\" decoding=\"async\" width=\"996\" height=\"664\" src=\"https:\/\/seelect.es\/wp-content\/uploads\/2025\/04\/imagen_2025-04-15_091259889.png\" class=\"attachment-large size-large wp-image-3789\" alt=\"\" srcset=\"https:\/\/seelect.es\/wp-content\/uploads\/2025\/04\/imagen_2025-04-15_091259889.png 996w, https:\/\/seelect.es\/wp-content\/uploads\/2025\/04\/imagen_2025-04-15_091259889-600x400.png 600w, https:\/\/seelect.es\/wp-content\/uploads\/2025\/04\/imagen_2025-04-15_091259889-300x200.png 300w, https:\/\/seelect.es\/wp-content\/uploads\/2025\/04\/imagen_2025-04-15_091259889-768x512.png 768w\" sizes=\"(max-width: 996px) 100vw, 996px\" \/>\t\t\t\t\t\t\t\t\t\t\t\t\t\t\t<\/div>\n\t\t\t\t<\/div>\n\t\t\t\t<\/div>\n\t\t<div class=\"elementor-element elementor-element-4dc4ab2 e-con-full e-flex e-con e-child\" data-id=\"4dc4ab2\" data-element_type=\"container\" data-e-type=\"container\">\n\t\t\t\t<div class=\"elementor-element elementor-element-b56f34c elementor-widget elementor-widget-heading\" data-id=\"b56f34c\" data-element_type=\"widget\" data-e-type=\"widget\" data-widget_type=\"heading.default\">\n\t\t\t\t<div class=\"elementor-widget-container\">\n\t\t\t\t\t<h5 class=\"elementor-heading-title elementor-size-default\">KM 0 - Distribuci\u00f3 i recondicionament d'ordinadors i port\u00e0tils de gamma alta<\/h5>\t\t\t\t<\/div>\n\t\t\t\t<\/div>\n\t\t\t\t<div class=\"elementor-element elementor-element-fcd904f elementor-widget elementor-widget-heading\" data-id=\"fcd904f\" data-element_type=\"widget\" data-e-type=\"widget\" data-widget_type=\"heading.default\">\n\t\t\t\t<div class=\"elementor-widget-container\">\n\t\t\t\t\t<div class=\"elementor-heading-title elementor-size-default\">Descompte del 70% i garantia de 1 a 4 anys<\/div>\t\t\t\t<\/div>\n\t\t\t\t<\/div>\n\t\t\t\t<div class=\"elementor-element elementor-element-d9c0b48 elementor-widget elementor-widget-text-editor\" data-id=\"d9c0b48\" data-element_type=\"widget\" data-e-type=\"widget\" data-widget_type=\"text-editor.default\">\n\t\t\t\t<div class=\"elementor-widget-container\">\n\t\t\t\t\t\t\t\t\t<p><strong>KM 0<\/strong> \u00e9s el terme que utilitzem per definir el tipus de material que distribu\u00efm. Equips en excel\u00b7lents condicions, recondicionats per Seelect per a la venda. S\u00f3n equips de gamma superior de les millors marques, que normalment no es venen a botigues, procedents majorit\u00e0riament d&#8217;institucions europees.<\/p><p><strong>La majoria han estat poc utilitzats<\/strong><\/p>\t\t\t\t\t\t\t\t<\/div>\n\t\t\t\t<\/div>\n\t\t\t\t<\/div>\n\t\t\t\t\t<\/div>\n\t\t\t\t<\/div>\n\t\t<div class=\"elementor-element elementor-element-56c814e e-flex e-con-boxed e-con e-parent\" data-id=\"56c814e\" data-element_type=\"container\" data-e-type=\"container\">\n\t\t\t\t\t<div class=\"e-con-inner\">\n\t\t\t\t<div class=\"elementor-element elementor-element-d78a613 elementor-widget elementor-widget-heading\" data-id=\"d78a613\" data-element_type=\"widget\" data-e-type=\"widget\" data-widget_type=\"heading.default\">\n\t\t\t\t<div class=\"elementor-widget-container\">\n\t\t\t\t\t<h2 class=\"elementor-heading-title elementor-size-default\">Els nostres equips a la teva disposici\u00f3<\/h2>\t\t\t\t<\/div>\n\t\t\t\t<\/div>\n\t\t\t\t<div class=\"elementor-element elementor-element-9f743dd elementor-arrows-position-inside elementor-pagination-position-outside elementor-widget elementor-widget-image-carousel\" data-id=\"9f743dd\" data-element_type=\"widget\" data-e-type=\"widget\" data-settings=\"{&quot;navigation&quot;:&quot;both&quot;,&quot;autoplay&quot;:&quot;yes&quot;,&quot;pause_on_hover&quot;:&quot;yes&quot;,&quot;pause_on_interaction&quot;:&quot;yes&quot;,&quot;autoplay_speed&quot;:5000,&quot;infinite&quot;:&quot;yes&quot;,&quot;speed&quot;:500}\" data-widget_type=\"image-carousel.default\">\n\t\t\t\t<div class=\"elementor-widget-container\">\n\t\t\t\t\t\t\t<div class=\"elementor-image-carousel-wrapper swiper\" role=\"region\" aria-roledescription=\"carousel\" aria-label=\"Carrusel de im\u00e1genes\" dir=\"ltr\">\n\t\t\t<div class=\"elementor-image-carousel swiper-wrapper\" aria-live=\"off\">\n\t\t\t\t\t\t\t\t<div class=\"swiper-slide\" role=\"group\" aria-roledescription=\"slide\" aria-label=\"1 de 30\"><figure class=\"swiper-slide-inner\"><img decoding=\"async\" class=\"swiper-slide-image\" src=\"https:\/\/seelect.es\/wp-content\/uploads\/2025\/04\/imagen_2025-04-14_182929000.png\" alt=\"imagen_2025-04-14_182929000\" \/><\/figure><\/div><div class=\"swiper-slide\" role=\"group\" aria-roledescription=\"slide\" aria-label=\"2 de 30\"><figure class=\"swiper-slide-inner\"><img decoding=\"async\" class=\"swiper-slide-image\" src=\"https:\/\/seelect.es\/wp-content\/uploads\/2025\/04\/imagen_2025-04-14_130915604.png\" alt=\"imagen_2025-04-14_130915604\" \/><\/figure><\/div><div class=\"swiper-slide\" role=\"group\" aria-roledescription=\"slide\" aria-label=\"3 de 30\"><figure class=\"swiper-slide-inner\"><img decoding=\"async\" class=\"swiper-slide-image\" src=\"https:\/\/seelect.es\/wp-content\/uploads\/2025\/04\/imagen_2025-04-14_130741388.png\" alt=\"imagen_2025-04-14_130741388\" \/><\/figure><\/div><div class=\"swiper-slide\" role=\"group\" aria-roledescription=\"slide\" aria-label=\"4 de 30\"><figure class=\"swiper-slide-inner\"><img decoding=\"async\" class=\"swiper-slide-image\" src=\"https:\/\/seelect.es\/wp-content\/uploads\/2025\/04\/imagen_2025-04-14_130500391.png\" alt=\"imagen_2025-04-14_130500391\" \/><\/figure><\/div><div class=\"swiper-slide\" role=\"group\" aria-roledescription=\"slide\" aria-label=\"5 de 30\"><figure class=\"swiper-slide-inner\"><img decoding=\"async\" class=\"swiper-slide-image\" src=\"https:\/\/seelect.es\/wp-content\/uploads\/2025\/04\/imagen_2025-04-14_130327491.png\" alt=\"imagen_2025-04-14_130327491\" \/><\/figure><\/div><div class=\"swiper-slide\" role=\"group\" aria-roledescription=\"slide\" aria-label=\"6 de 30\"><figure class=\"swiper-slide-inner\"><img decoding=\"async\" class=\"swiper-slide-image\" src=\"https:\/\/seelect.es\/wp-content\/uploads\/2025\/04\/imagen_2025-04-14_130119795.png\" alt=\"imagen_2025-04-14_130119795\" \/><\/figure><\/div><div class=\"swiper-slide\" role=\"group\" aria-roledescription=\"slide\" aria-label=\"7 de 30\"><figure class=\"swiper-slide-inner\"><img decoding=\"async\" class=\"swiper-slide-image\" src=\"https:\/\/seelect.es\/wp-content\/uploads\/2025\/04\/imagen_2025-04-14_124210347.png\" alt=\"imagen_2025-04-14_124210347\" \/><\/figure><\/div><div class=\"swiper-slide\" role=\"group\" aria-roledescription=\"slide\" aria-label=\"8 de 30\"><figure class=\"swiper-slide-inner\"><img decoding=\"async\" class=\"swiper-slide-image\" src=\"https:\/\/seelect.es\/wp-content\/uploads\/2025\/04\/imagen_2025-04-14_124011861.png\" alt=\"imagen_2025-04-14_124011861\" \/><\/figure><\/div><div class=\"swiper-slide\" role=\"group\" aria-roledescription=\"slide\" aria-label=\"9 de 30\"><figure class=\"swiper-slide-inner\"><img decoding=\"async\" class=\"swiper-slide-image\" src=\"https:\/\/seelect.es\/wp-content\/uploads\/2025\/04\/imagen_2025-04-14_123828616.png\" alt=\"imagen_2025-04-14_123828616\" \/><\/figure><\/div><div class=\"swiper-slide\" role=\"group\" aria-roledescription=\"slide\" aria-label=\"10 de 30\"><figure class=\"swiper-slide-inner\"><img decoding=\"async\" class=\"swiper-slide-image\" src=\"https:\/\/seelect.es\/wp-content\/uploads\/2025\/04\/imagen_2025-04-14_123221297.png\" alt=\"imagen_2025-04-14_123221297\" \/><\/figure><\/div><div class=\"swiper-slide\" role=\"group\" aria-roledescription=\"slide\" aria-label=\"11 de 30\"><figure class=\"swiper-slide-inner\"><img decoding=\"async\" class=\"swiper-slide-image\" src=\"https:\/\/seelect.es\/wp-content\/uploads\/2025\/04\/imagen_2025-04-14_123032070.png\" alt=\"imagen_2025-04-14_123032070\" \/><\/figure><\/div><div class=\"swiper-slide\" role=\"group\" aria-roledescription=\"slide\" aria-label=\"12 de 30\"><figure class=\"swiper-slide-inner\"><img decoding=\"async\" class=\"swiper-slide-image\" src=\"https:\/\/seelect.es\/wp-content\/uploads\/2025\/04\/imagen_2025-04-14_122805021.png\" alt=\"imagen_2025-04-14_122805021\" \/><\/figure><\/div><div class=\"swiper-slide\" role=\"group\" aria-roledescription=\"slide\" aria-label=\"13 de 30\"><figure class=\"swiper-slide-inner\"><img decoding=\"async\" class=\"swiper-slide-image\" src=\"https:\/\/seelect.es\/wp-content\/uploads\/2025\/04\/imagen_2025-04-14_122624536.png\" alt=\"imagen_2025-04-14_122624536\" \/><\/figure><\/div><div class=\"swiper-slide\" role=\"group\" aria-roledescription=\"slide\" aria-label=\"14 de 30\"><figure class=\"swiper-slide-inner\"><img decoding=\"async\" class=\"swiper-slide-image\" src=\"https:\/\/seelect.es\/wp-content\/uploads\/2025\/04\/imagen_2025-04-14_122418264.png\" alt=\"imagen_2025-04-14_122418264\" \/><\/figure><\/div><div class=\"swiper-slide\" role=\"group\" aria-roledescription=\"slide\" aria-label=\"15 de 30\"><figure class=\"swiper-slide-inner\"><img decoding=\"async\" class=\"swiper-slide-image\" src=\"https:\/\/seelect.es\/wp-content\/uploads\/2025\/04\/imagen_2025-04-14_121927587.png\" alt=\"imagen_2025-04-14_121927587\" \/><\/figure><\/div><div class=\"swiper-slide\" role=\"group\" aria-roledescription=\"slide\" aria-label=\"16 de 30\"><figure class=\"swiper-slide-inner\"><img decoding=\"async\" class=\"swiper-slide-image\" src=\"https:\/\/seelect.es\/wp-content\/uploads\/2025\/04\/imagen_2025-04-14_121727634.png\" alt=\"imagen_2025-04-14_121727634\" \/><\/figure><\/div><div class=\"swiper-slide\" role=\"group\" aria-roledescription=\"slide\" aria-label=\"17 de 30\"><figure class=\"swiper-slide-inner\"><img decoding=\"async\" class=\"swiper-slide-image\" src=\"https:\/\/seelect.es\/wp-content\/uploads\/2025\/04\/imagen_2025-04-14_121424317.png\" alt=\"imagen_2025-04-14_121424317\" \/><\/figure><\/div><div class=\"swiper-slide\" role=\"group\" aria-roledescription=\"slide\" aria-label=\"18 de 30\"><figure class=\"swiper-slide-inner\"><img decoding=\"async\" class=\"swiper-slide-image\" src=\"https:\/\/seelect.es\/wp-content\/uploads\/2025\/04\/imagen_2025-04-14_120624221.png\" alt=\"imagen_2025-04-14_120624221\" \/><\/figure><\/div><div class=\"swiper-slide\" role=\"group\" aria-roledescription=\"slide\" aria-label=\"19 de 30\"><figure class=\"swiper-slide-inner\"><img decoding=\"async\" class=\"swiper-slide-image\" src=\"https:\/\/seelect.es\/wp-content\/uploads\/2025\/04\/imagen_2025-04-14_120259459.png\" alt=\"imagen_2025-04-14_120259459\" \/><\/figure><\/div><div class=\"swiper-slide\" role=\"group\" aria-roledescription=\"slide\" aria-label=\"20 de 30\"><figure class=\"swiper-slide-inner\"><img decoding=\"async\" class=\"swiper-slide-image\" src=\"https:\/\/seelect.es\/wp-content\/uploads\/2025\/04\/imagen_2025-04-14_115843525.png\" alt=\"imagen_2025-04-14_115843525\" \/><\/figure><\/div><div class=\"swiper-slide\" role=\"group\" aria-roledescription=\"slide\" aria-label=\"21 de 30\"><figure class=\"swiper-slide-inner\"><img decoding=\"async\" class=\"swiper-slide-image\" src=\"https:\/\/seelect.es\/wp-content\/uploads\/2025\/04\/imagen_2025-04-14_115228566.png\" alt=\"imagen_2025-04-14_115228566\" \/><\/figure><\/div><div class=\"swiper-slide\" role=\"group\" aria-roledescription=\"slide\" aria-label=\"22 de 30\"><figure class=\"swiper-slide-inner\"><img decoding=\"async\" class=\"swiper-slide-image\" src=\"https:\/\/seelect.es\/wp-content\/uploads\/2025\/04\/imagen_2025-04-14_115552214.png\" alt=\"imagen_2025-04-14_115552214\" \/><\/figure><\/div><div class=\"swiper-slide\" role=\"group\" aria-roledescription=\"slide\" aria-label=\"23 de 30\"><figure class=\"swiper-slide-inner\"><img decoding=\"async\" class=\"swiper-slide-image\" src=\"https:\/\/seelect.es\/wp-content\/uploads\/2025\/04\/imagen_2025-04-14_114908402.png\" alt=\"imagen_2025-04-14_114908402\" \/><\/figure><\/div><div class=\"swiper-slide\" role=\"group\" aria-roledescription=\"slide\" aria-label=\"24 de 30\"><figure class=\"swiper-slide-inner\"><img decoding=\"async\" class=\"swiper-slide-image\" src=\"https:\/\/seelect.es\/wp-content\/uploads\/2025\/04\/imagen_2025-04-14_114349216.png\" alt=\"imagen_2025-04-14_114349216\" \/><\/figure><\/div><div class=\"swiper-slide\" role=\"group\" aria-roledescription=\"slide\" aria-label=\"25 de 30\"><figure class=\"swiper-slide-inner\"><img decoding=\"async\" class=\"swiper-slide-image\" src=\"https:\/\/seelect.es\/wp-content\/uploads\/2025\/04\/imagen_2025-04-14_113438665.png\" alt=\"imagen_2025-04-14_113438665\" \/><\/figure><\/div><div class=\"swiper-slide\" role=\"group\" aria-roledescription=\"slide\" aria-label=\"26 de 30\"><figure class=\"swiper-slide-inner\"><img decoding=\"async\" class=\"swiper-slide-image\" src=\"https:\/\/seelect.es\/wp-content\/uploads\/2025\/04\/imagen_2025-04-14_112340949.png\" alt=\"imagen_2025-04-14_112340949\" \/><\/figure><\/div><div class=\"swiper-slide\" role=\"group\" aria-roledescription=\"slide\" aria-label=\"27 de 30\"><figure class=\"swiper-slide-inner\"><img decoding=\"async\" class=\"swiper-slide-image\" src=\"https:\/\/seelect.es\/wp-content\/uploads\/2025\/04\/imagen_2025-04-14_111048801.png\" alt=\"imagen_2025-04-14_111048801\" \/><\/figure><\/div><div class=\"swiper-slide\" role=\"group\" aria-roledescription=\"slide\" aria-label=\"28 de 30\"><figure class=\"swiper-slide-inner\"><img decoding=\"async\" class=\"swiper-slide-image\" src=\"https:\/\/seelect.es\/wp-content\/uploads\/2025\/04\/imagen_2025-04-14_103028622.png\" alt=\"imagen_2025-04-14_103028622\" \/><\/figure><\/div><div class=\"swiper-slide\" role=\"group\" aria-roledescription=\"slide\" aria-label=\"29 de 30\"><figure class=\"swiper-slide-inner\"><img decoding=\"async\" class=\"swiper-slide-image\" src=\"https:\/\/seelect.es\/wp-content\/uploads\/2025\/04\/imagen_2025-04-14_111722887.png\" alt=\"imagen_2025-04-14_111722887\" \/><\/figure><\/div><div class=\"swiper-slide\" role=\"group\" aria-roledescription=\"slide\" aria-label=\"30 de 30\"><figure class=\"swiper-slide-inner\"><img decoding=\"async\" class=\"swiper-slide-image\" src=\"https:\/\/seelect.es\/wp-content\/uploads\/2025\/04\/imagen_2025-04-14_102616193.png\" alt=\"imagen_2025-04-14_102616193\" \/><\/figure><\/div>\t\t\t<\/div>\n\t\t\t\t\t\t\t\t\t\t\t\t<div class=\"elementor-swiper-button elementor-swiper-button-prev\" role=\"button\" tabindex=\"0\">\n\t\t\t\t\t\t<i aria-hidden=\"true\" class=\"eicon-chevron-left\"><\/i>\t\t\t\t\t<\/div>\n\t\t\t\t\t<div class=\"elementor-swiper-button elementor-swiper-button-next\" role=\"button\" tabindex=\"0\">\n\t\t\t\t\t\t<i aria-hidden=\"true\" class=\"eicon-chevron-right\"><\/i>\t\t\t\t\t<\/div>\n\t\t\t\t\n\t\t\t\t\t\t\t\t\t<div class=\"swiper-pagination\"><\/div>\n\t\t\t\t\t\t\t\t\t<\/div>\n\t\t\t\t\t\t<\/div>\n\t\t\t\t<\/div>\n\t\t\t\t\t<\/div>\n\t\t\t\t<\/div>\n\t\t<div class=\"elementor-element elementor-element-b5caa61 e-flex e-con-boxed e-con e-parent\" data-id=\"b5caa61\" data-element_type=\"container\" data-e-type=\"container\">\n\t\t\t\t\t<div class=\"e-con-inner\">\n\t\t\t\t<div class=\"elementor-element elementor-element-dd3e472 elementor-widget elementor-widget-text-editor\" data-id=\"dd3e472\" data-element_type=\"widget\" data-e-type=\"widget\" data-widget_type=\"text-editor.default\">\n\t\t\t\t<div class=\"elementor-widget-container\">\n\t\t\t\t\t\t\t\t\t<h3>Centenars d&#8217;unitats venudes en els darrers anys avalen la qualitat d&#8217;aquests equips.<br \/>A causa de l&#8217;estat i qualitat del producte podem oferir una garantia de 1 a 4 anys.<\/h3>\t\t\t\t\t\t\t\t<\/div>\n\t\t\t\t<\/div>\n\t\t\t\t<div class=\"elementor-element elementor-element-dc46270 elementor-widget elementor-widget-spacer\" data-id=\"dc46270\" data-element_type=\"widget\" data-e-type=\"widget\" data-widget_type=\"spacer.default\">\n\t\t\t\t<div class=\"elementor-widget-container\">\n\t\t\t\t\t\t\t<div class=\"elementor-spacer\">\n\t\t\t<div class=\"elementor-spacer-inner\"><\/div>\n\t\t<\/div>\n\t\t\t\t\t\t<\/div>\n\t\t\t\t<\/div>\n\t\t\t\t\t<\/div>\n\t\t\t\t<\/div>\n\t\t\t\t<\/div>\n\t\t","protected":false},"excerpt":{"rendered":"<p>KM 0 &#8211; Distribuci\u00f3 i recondicionament d&#8217;ordinadors i port\u00e0tils de gamma alta Descompte del 70% i garantia de 1 a 4 anys KM 0 \u00e9s el terme que utilitzem per definir el tipus de material que distribu\u00efm. Equips en excel\u00b7lents condicions, recondicionats per Seelect per a la venda. S\u00f3n equips de gamma superior de les [&hellip;]<\/p>\n","protected":false},"author":2,"featured_media":0,"parent":0,"menu_order":0,"comment_status":"closed","ping_status":"closed","template":"","meta":{"_acf_changed":false,"footnotes":""},"class_list":["post-3957","page","type-page","status-publish","hentry"],"acf":[],"yoast_head":"<!-- This site is optimized with the Yoast SEO plugin v27.3 - https:\/\/yoast.com\/product\/yoast-seo-wordpress\/ -->\n<title>KM 0 - Seelect<\/title>\n<meta name=\"robots\" content=\"index, follow, max-snippet:-1, max-image-preview:large, max-video-preview:-1\" \/>\n<link rel=\"canonical\" href=\"https:\/\/seelect.es\/ca\/km-0\/\" \/>\n<meta property=\"og:locale\" content=\"ca_ES\" \/>\n<meta property=\"og:type\" content=\"article\" \/>\n<meta property=\"og:title\" content=\"KM 0 - Seelect\" \/>\n<meta property=\"og:description\" content=\"KM 0 &#8211; Distribuci\u00f3 i recondicionament d&#8217;ordinadors i port\u00e0tils de gamma alta Descompte del 70% i garantia de 1 a 4 anys KM 0 \u00e9s el terme que utilitzem per definir el tipus de material que distribu\u00efm. Equips en excel\u00b7lents condicions, recondicionats per Seelect per a la venda. S\u00f3n equips de gamma superior de les [&hellip;]\" \/>\n<meta property=\"og:url\" content=\"https:\/\/seelect.es\/ca\/km-0\/\" \/>\n<meta property=\"og:site_name\" content=\"Seelect\" \/>\n<meta property=\"article:modified_time\" content=\"2025-09-02T11:39:11+00:00\" \/>\n<meta property=\"og:image\" content=\"https:\/\/seelect.es\/wp-content\/uploads\/2025\/04\/imagen_2025-04-15_091259889.png\" \/>\n\t<meta property=\"og:image:width\" content=\"996\" \/>\n\t<meta property=\"og:image:height\" content=\"664\" \/>\n\t<meta property=\"og:image:type\" content=\"image\/png\" \/>\n<meta name=\"twitter:card\" content=\"summary_large_image\" \/>\n<meta name=\"twitter:label1\" content=\"Temps estimat de lectura\" \/>\n\t<meta name=\"twitter:data1\" content=\"8 minuts\" \/>\n<script type=\"application\/ld+json\" class=\"yoast-schema-graph\">{\"@context\":\"https:\\\/\\\/schema.org\",\"@graph\":[{\"@type\":\"WebPage\",\"@id\":\"https:\\\/\\\/seelect.es\\\/ca\\\/km-0\\\/\",\"url\":\"https:\\\/\\\/seelect.es\\\/ca\\\/km-0\\\/\",\"name\":\"KM 0 - Seelect\",\"isPartOf\":{\"@id\":\"https:\\\/\\\/seelect.es\\\/ca\\\/#website\"},\"primaryImageOfPage\":{\"@id\":\"https:\\\/\\\/seelect.es\\\/ca\\\/km-0\\\/#primaryimage\"},\"image\":{\"@id\":\"https:\\\/\\\/seelect.es\\\/ca\\\/km-0\\\/#primaryimage\"},\"thumbnailUrl\":\"https:\\\/\\\/seelect.es\\\/wp-content\\\/uploads\\\/2025\\\/04\\\/imagen_2025-04-15_091259889.png\",\"datePublished\":\"2025-04-15T07:32:10+00:00\",\"dateModified\":\"2025-09-02T11:39:11+00:00\",\"breadcrumb\":{\"@id\":\"https:\\\/\\\/seelect.es\\\/ca\\\/km-0\\\/#breadcrumb\"},\"inLanguage\":\"ca\",\"potentialAction\":[{\"@type\":\"ReadAction\",\"target\":[\"https:\\\/\\\/seelect.es\\\/ca\\\/km-0\\\/\"]}]},{\"@type\":\"ImageObject\",\"inLanguage\":\"ca\",\"@id\":\"https:\\\/\\\/seelect.es\\\/ca\\\/km-0\\\/#primaryimage\",\"url\":\"https:\\\/\\\/seelect.es\\\/wp-content\\\/uploads\\\/2025\\\/04\\\/imagen_2025-04-15_091259889.png\",\"contentUrl\":\"https:\\\/\\\/seelect.es\\\/wp-content\\\/uploads\\\/2025\\\/04\\\/imagen_2025-04-15_091259889.png\"},{\"@type\":\"BreadcrumbList\",\"@id\":\"https:\\\/\\\/seelect.es\\\/ca\\\/km-0\\\/#breadcrumb\",\"itemListElement\":[{\"@type\":\"ListItem\",\"position\":1,\"name\":\"Portada\",\"item\":\"https:\\\/\\\/seelect.es\\\/ca\\\/\"},{\"@type\":\"ListItem\",\"position\":2,\"name\":\"KM 0\"}]},{\"@type\":\"WebSite\",\"@id\":\"https:\\\/\\\/seelect.es\\\/ca\\\/#website\",\"url\":\"https:\\\/\\\/seelect.es\\\/ca\\\/\",\"name\":\"Seelect\",\"description\":\"Reparaci\u00f3n y venta de equipos inform\u00e1ticos\",\"publisher\":{\"@id\":\"https:\\\/\\\/seelect.es\\\/ca\\\/#organization\"},\"alternateName\":\"Seelect\",\"potentialAction\":[{\"@type\":\"SearchAction\",\"target\":{\"@type\":\"EntryPoint\",\"urlTemplate\":\"https:\\\/\\\/seelect.es\\\/ca\\\/?s={search_term_string}\"},\"query-input\":{\"@type\":\"PropertyValueSpecification\",\"valueRequired\":true,\"valueName\":\"search_term_string\"}}],\"inLanguage\":\"ca\"},{\"@type\":\"Organization\",\"@id\":\"https:\\\/\\\/seelect.es\\\/ca\\\/#organization\",\"name\":\"Seelect\",\"alternateName\":\"Seelect\",\"url\":\"https:\\\/\\\/seelect.es\\\/ca\\\/\",\"logo\":{\"@type\":\"ImageObject\",\"inLanguage\":\"ca\",\"@id\":\"https:\\\/\\\/seelect.es\\\/ca\\\/#\\\/schema\\\/logo\\\/image\\\/\",\"url\":\"https:\\\/\\\/seelect.es\\\/wp-content\\\/uploads\\\/2025\\\/03\\\/imagen_2025-03-31_122952014.png\",\"contentUrl\":\"https:\\\/\\\/seelect.es\\\/wp-content\\\/uploads\\\/2025\\\/03\\\/imagen_2025-03-31_122952014.png\",\"width\":239,\"height\":100,\"caption\":\"Seelect\"},\"image\":{\"@id\":\"https:\\\/\\\/seelect.es\\\/ca\\\/#\\\/schema\\\/logo\\\/image\\\/\"}}]}<\/script>\n<!-- \/ Yoast SEO plugin. -->","yoast_head_json":{"title":"KM 0 - Seelect","robots":{"index":"index","follow":"follow","max-snippet":"max-snippet:-1","max-image-preview":"max-image-preview:large","max-video-preview":"max-video-preview:-1"},"canonical":"https:\/\/seelect.es\/ca\/km-0\/","og_locale":"ca_ES","og_type":"article","og_title":"KM 0 - Seelect","og_description":"KM 0 &#8211; Distribuci\u00f3 i recondicionament d&#8217;ordinadors i port\u00e0tils de gamma alta Descompte del 70% i garantia de 1 a 4 anys KM 0 \u00e9s el terme que utilitzem per definir el tipus de material que distribu\u00efm. Equips en excel\u00b7lents condicions, recondicionats per Seelect per a la venda. S\u00f3n equips de gamma superior de les [&hellip;]","og_url":"https:\/\/seelect.es\/ca\/km-0\/","og_site_name":"Seelect","article_modified_time":"2025-09-02T11:39:11+00:00","og_image":[{"width":996,"height":664,"url":"https:\/\/seelect.es\/wp-content\/uploads\/2025\/04\/imagen_2025-04-15_091259889.png","type":"image\/png"}],"twitter_card":"summary_large_image","twitter_misc":{"Temps estimat de lectura":"8 minuts"},"schema":{"@context":"https:\/\/schema.org","@graph":[{"@type":"WebPage","@id":"https:\/\/seelect.es\/ca\/km-0\/","url":"https:\/\/seelect.es\/ca\/km-0\/","name":"KM 0 - Seelect","isPartOf":{"@id":"https:\/\/seelect.es\/ca\/#website"},"primaryImageOfPage":{"@id":"https:\/\/seelect.es\/ca\/km-0\/#primaryimage"},"image":{"@id":"https:\/\/seelect.es\/ca\/km-0\/#primaryimage"},"thumbnailUrl":"https:\/\/seelect.es\/wp-content\/uploads\/2025\/04\/imagen_2025-04-15_091259889.png","datePublished":"2025-04-15T07:32:10+00:00","dateModified":"2025-09-02T11:39:11+00:00","breadcrumb":{"@id":"https:\/\/seelect.es\/ca\/km-0\/#breadcrumb"},"inLanguage":"ca","potentialAction":[{"@type":"ReadAction","target":["https:\/\/seelect.es\/ca\/km-0\/"]}]},{"@type":"ImageObject","inLanguage":"ca","@id":"https:\/\/seelect.es\/ca\/km-0\/#primaryimage","url":"https:\/\/seelect.es\/wp-content\/uploads\/2025\/04\/imagen_2025-04-15_091259889.png","contentUrl":"https:\/\/seelect.es\/wp-content\/uploads\/2025\/04\/imagen_2025-04-15_091259889.png"},{"@type":"BreadcrumbList","@id":"https:\/\/seelect.es\/ca\/km-0\/#breadcrumb","itemListElement":[{"@type":"ListItem","position":1,"name":"Portada","item":"https:\/\/seelect.es\/ca\/"},{"@type":"ListItem","position":2,"name":"KM 0"}]},{"@type":"WebSite","@id":"https:\/\/seelect.es\/ca\/#website","url":"https:\/\/seelect.es\/ca\/","name":"Seelect","description":"Reparaci\u00f3n y venta de equipos inform\u00e1ticos","publisher":{"@id":"https:\/\/seelect.es\/ca\/#organization"},"alternateName":"Seelect","potentialAction":[{"@type":"SearchAction","target":{"@type":"EntryPoint","urlTemplate":"https:\/\/seelect.es\/ca\/?s={search_term_string}"},"query-input":{"@type":"PropertyValueSpecification","valueRequired":true,"valueName":"search_term_string"}}],"inLanguage":"ca"},{"@type":"Organization","@id":"https:\/\/seelect.es\/ca\/#organization","name":"Seelect","alternateName":"Seelect","url":"https:\/\/seelect.es\/ca\/","logo":{"@type":"ImageObject","inLanguage":"ca","@id":"https:\/\/seelect.es\/ca\/#\/schema\/logo\/image\/","url":"https:\/\/seelect.es\/wp-content\/uploads\/2025\/03\/imagen_2025-03-31_122952014.png","contentUrl":"https:\/\/seelect.es\/wp-content\/uploads\/2025\/03\/imagen_2025-03-31_122952014.png","width":239,"height":100,"caption":"Seelect"},"image":{"@id":"https:\/\/seelect.es\/ca\/#\/schema\/logo\/image\/"}}]}},"_links":{"self":[{"href":"https:\/\/seelect.es\/ca\/wp-json\/wp\/v2\/pages\/3957","targetHints":{"allow":["GET"]}}],"collection":[{"href":"https:\/\/seelect.es\/ca\/wp-json\/wp\/v2\/pages"}],"about":[{"href":"https:\/\/seelect.es\/ca\/wp-json\/wp\/v2\/types\/page"}],"author":[{"embeddable":true,"href":"https:\/\/seelect.es\/ca\/wp-json\/wp\/v2\/users\/2"}],"replies":[{"embeddable":true,"href":"https:\/\/seelect.es\/ca\/wp-json\/wp\/v2\/comments?post=3957"}],"version-history":[{"count":24,"href":"https:\/\/seelect.es\/ca\/wp-json\/wp\/v2\/pages\/3957\/revisions"}],"predecessor-version":[{"id":4896,"href":"https:\/\/seelect.es\/ca\/wp-json\/wp\/v2\/pages\/3957\/revisions\/4896"}],"wp:attachment":[{"href":"https:\/\/seelect.es\/ca\/wp-json\/wp\/v2\/media?parent=3957"}],"curies":[{"name":"wp","href":"https:\/\/api.w.org\/{rel}","templated":true}]}}