{"id":3961,"date":"2019-11-03T06:06:24","date_gmt":"2019-11-03T06:06:24","guid":{"rendered":"https:\/\/seelect.es\/reparaciones\/"},"modified":"2025-09-01T14:43:06","modified_gmt":"2025-09-01T14:43:06","slug":"reparacions","status":"publish","type":"page","link":"https:\/\/seelect.es\/ca\/reparacions\/","title":{"rendered":"Reparacions"},"content":{"rendered":"\t\t<div data-elementor-type=\"wp-page\" data-elementor-id=\"3961\" class=\"elementor elementor-3961 elementor-72\" data-elementor-post-type=\"page\">\n\t\t\t\t<div class=\"elementor-element elementor-element-438800c e-flex e-con-boxed e-con e-parent\" data-id=\"438800c\" data-element_type=\"container\" data-e-type=\"container\">\n\t\t\t\t\t<div class=\"e-con-inner\">\n\t\t\t\t<div class=\"elementor-element elementor-element-541aab6 elementor-widget__width-initial elementor-widget elementor-widget-heading\" data-id=\"541aab6\" data-element_type=\"widget\" data-e-type=\"widget\" data-widget_type=\"heading.default\">\n\t\t\t\t<div class=\"elementor-widget-container\">\n\t\t\t\t\t<span class=\"elementor-heading-title elementor-size-default\">Reparem tot tipus d'equips electr\u00f2nics, de qualsevol marca, en els sectors de:<\/span>\t\t\t\t<\/div>\n\t\t\t\t<\/div>\n\t\t\t\t\t<\/div>\n\t\t\t\t<\/div>\n\t\t<div class=\"elementor-element elementor-element-458991d e-flex e-con-boxed e-con e-parent\" data-id=\"458991d\" data-element_type=\"container\" data-e-type=\"container\">\n\t\t\t\t\t<div class=\"e-con-inner\">\n\t\t<div class=\"elementor-element elementor-element-f642337 e-con-full e-flex e-con e-child\" data-id=\"f642337\" data-element_type=\"container\" data-e-type=\"container\">\n\t\t\t\t<div class=\"elementor-element elementor-element-2cf34ae elementor-widget elementor-widget-image\" data-id=\"2cf34ae\" data-element_type=\"widget\" data-e-type=\"widget\" data-widget_type=\"image.default\">\n\t\t\t\t<div class=\"elementor-widget-container\">\n\t\t\t\t\t\t\t\t\t\t\t\t\t\t\t<img fetchpriority=\"high\" decoding=\"async\" width=\"1000\" height=\"1000\" src=\"https:\/\/seelect.es\/wp-content\/uploads\/2025\/04\/imagen_2025-04-15_101534420.png\" class=\"attachment-large size-large wp-image-3803\" alt=\"\" srcset=\"https:\/\/seelect.es\/wp-content\/uploads\/2025\/04\/imagen_2025-04-15_101534420.png 1000w, https:\/\/seelect.es\/wp-content\/uploads\/2025\/04\/imagen_2025-04-15_101534420-300x300.png 300w, https:\/\/seelect.es\/wp-content\/uploads\/2025\/04\/imagen_2025-04-15_101534420-150x150.png 150w, https:\/\/seelect.es\/wp-content\/uploads\/2025\/04\/imagen_2025-04-15_101534420-600x600.png 600w, https:\/\/seelect.es\/wp-content\/uploads\/2025\/04\/imagen_2025-04-15_101534420-768x768.png 768w, https:\/\/seelect.es\/wp-content\/uploads\/2025\/04\/imagen_2025-04-15_101534420-55x55.png 55w\" sizes=\"(max-width: 1000px) 100vw, 1000px\" \/>\t\t\t\t\t\t\t\t\t\t\t\t\t\t\t<\/div>\n\t\t\t\t<\/div>\n\t\t\t\t<div class=\"elementor-element elementor-element-86a8810 elementor-widget elementor-widget-heading\" data-id=\"86a8810\" data-element_type=\"widget\" data-e-type=\"widget\" data-widget_type=\"heading.default\">\n\t\t\t\t<div class=\"elementor-widget-container\">\n\t\t\t\t\t<h2 class=\"elementor-heading-title elementor-size-default\">INFORM\u00c0TICA<\/h2>\t\t\t\t<\/div>\n\t\t\t\t<\/div>\n\t\t\t\t<div class=\"elementor-element elementor-element-296ca00 elementor-widget elementor-widget-text-editor\" data-id=\"296ca00\" data-element_type=\"widget\" data-e-type=\"widget\" data-widget_type=\"text-editor.default\">\n\t\t\t\t<div class=\"elementor-widget-container\">\n\t\t\t\t\t\t\t\t\t<p style=\"text-align: center;\">Port\u00e0tils, ordinadors, impressores, SAI, monitors i\u00a0 altres.<\/p>\t\t\t\t\t\t\t\t<\/div>\n\t\t\t\t<\/div>\n\t\t\t\t<\/div>\n\t\t<div class=\"elementor-element elementor-element-86ab7e6 e-con-full e-flex e-con e-child\" data-id=\"86ab7e6\" data-element_type=\"container\" data-e-type=\"container\">\n\t\t\t\t<div class=\"elementor-element elementor-element-a5f8c56 elementor-widget elementor-widget-image\" data-id=\"a5f8c56\" data-element_type=\"widget\" data-e-type=\"widget\" data-widget_type=\"image.default\">\n\t\t\t\t<div class=\"elementor-widget-container\">\n\t\t\t\t\t\t\t\t\t\t\t\t\t\t\t<img decoding=\"async\" width=\"1000\" height=\"1000\" src=\"https:\/\/seelect.es\/wp-content\/uploads\/2025\/04\/imagen_2025-04-15_101607758.png\" class=\"attachment-large size-large wp-image-3805\" alt=\"\" srcset=\"https:\/\/seelect.es\/wp-content\/uploads\/2025\/04\/imagen_2025-04-15_101607758.png 1000w, https:\/\/seelect.es\/wp-content\/uploads\/2025\/04\/imagen_2025-04-15_101607758-300x300.png 300w, https:\/\/seelect.es\/wp-content\/uploads\/2025\/04\/imagen_2025-04-15_101607758-150x150.png 150w, https:\/\/seelect.es\/wp-content\/uploads\/2025\/04\/imagen_2025-04-15_101607758-600x600.png 600w, https:\/\/seelect.es\/wp-content\/uploads\/2025\/04\/imagen_2025-04-15_101607758-768x768.png 768w, https:\/\/seelect.es\/wp-content\/uploads\/2025\/04\/imagen_2025-04-15_101607758-55x55.png 55w\" sizes=\"(max-width: 1000px) 100vw, 1000px\" \/>\t\t\t\t\t\t\t\t\t\t\t\t\t\t\t<\/div>\n\t\t\t\t<\/div>\n\t\t\t\t<div class=\"elementor-element elementor-element-7a14ec7 elementor-widget elementor-widget-heading\" data-id=\"7a14ec7\" data-element_type=\"widget\" data-e-type=\"widget\" data-widget_type=\"heading.default\">\n\t\t\t\t<div class=\"elementor-widget-container\">\n\t\t\t\t\t<h6 class=\"elementor-heading-title elementor-size-default\">LLAR<\/h6>\t\t\t\t<\/div>\n\t\t\t\t<\/div>\n\t\t\t\t<div class=\"elementor-element elementor-element-bfb612d elementor-widget elementor-widget-text-editor\" data-id=\"bfb612d\" data-element_type=\"widget\" data-e-type=\"widget\" data-widget_type=\"text-editor.default\">\n\t\t\t\t<div class=\"elementor-widget-container\">\n\t\t\t\t\t\t\t\t\t<p style=\"text-align: center;\">Televisors, tablets, consolas i\u00a0 altres.<\/p>\t\t\t\t\t\t\t\t<\/div>\n\t\t\t\t<\/div>\n\t\t\t\t<\/div>\n\t\t<div class=\"elementor-element elementor-element-9e4c7fe e-con-full e-flex e-con e-child\" data-id=\"9e4c7fe\" data-element_type=\"container\" data-e-type=\"container\">\n\t\t\t\t<div class=\"elementor-element elementor-element-54502e6 elementor-widget elementor-widget-image\" data-id=\"54502e6\" data-element_type=\"widget\" data-e-type=\"widget\" data-widget_type=\"image.default\">\n\t\t\t\t<div class=\"elementor-widget-container\">\n\t\t\t\t\t\t\t\t\t\t\t\t\t\t\t<img decoding=\"async\" width=\"1000\" height=\"1000\" src=\"https:\/\/seelect.es\/wp-content\/uploads\/2025\/04\/imagen_2025-04-15_101738778.png\" class=\"attachment-large size-large wp-image-3808\" alt=\"\" srcset=\"https:\/\/seelect.es\/wp-content\/uploads\/2025\/04\/imagen_2025-04-15_101738778.png 1000w, https:\/\/seelect.es\/wp-content\/uploads\/2025\/04\/imagen_2025-04-15_101738778-300x300.png 300w, https:\/\/seelect.es\/wp-content\/uploads\/2025\/04\/imagen_2025-04-15_101738778-150x150.png 150w, https:\/\/seelect.es\/wp-content\/uploads\/2025\/04\/imagen_2025-04-15_101738778-600x600.png 600w, https:\/\/seelect.es\/wp-content\/uploads\/2025\/04\/imagen_2025-04-15_101738778-768x768.png 768w, https:\/\/seelect.es\/wp-content\/uploads\/2025\/04\/imagen_2025-04-15_101738778-55x55.png 55w\" sizes=\"(max-width: 1000px) 100vw, 1000px\" \/>\t\t\t\t\t\t\t\t\t\t\t\t\t\t\t<\/div>\n\t\t\t\t<\/div>\n\t\t\t\t<div class=\"elementor-element elementor-element-9e6b070 elementor-widget elementor-widget-heading\" data-id=\"9e6b070\" data-element_type=\"widget\" data-e-type=\"widget\" data-widget_type=\"heading.default\">\n\t\t\t\t<div class=\"elementor-widget-container\">\n\t\t\t\t\t<h6 class=\"elementor-heading-title elementor-size-default\">IND\u00daSTRIA<\/h6>\t\t\t\t<\/div>\n\t\t\t\t<\/div>\n\t\t\t\t<div class=\"elementor-element elementor-element-5ac9d66 elementor-widget elementor-widget-text-editor\" data-id=\"5ac9d66\" data-element_type=\"widget\" data-e-type=\"widget\" data-widget_type=\"text-editor.default\">\n\t\t\t\t<div class=\"elementor-widget-container\">\n\t\t\t\t\t\t\t\t\t<p>Televisors, tablets, consoles i\u00a0 altres.<\/p>\t\t\t\t\t\t\t\t<\/div>\n\t\t\t\t<\/div>\n\t\t\t\t<\/div>\n\t\t\t\t\t<\/div>\n\t\t\t\t<\/div>\n\t\t<div class=\"elementor-element elementor-element-760deb1 e-flex e-con-boxed e-con e-parent\" data-id=\"760deb1\" data-element_type=\"container\" data-e-type=\"container\">\n\t\t\t\t\t<div class=\"e-con-inner\">\n\t\t<div class=\"elementor-element elementor-element-ddae862 e-con-full e-flex e-con e-child\" data-id=\"ddae862\" data-element_type=\"container\" data-e-type=\"container\">\n\t\t\t\t<div class=\"elementor-element elementor-element-8617c42 elementor-widget elementor-widget-text-editor\" data-id=\"8617c42\" data-element_type=\"widget\" data-e-type=\"widget\" data-widget_type=\"text-editor.default\">\n\t\t\t\t<div class=\"elementor-widget-container\">\n\t\t\t\t\t\t\t\t\t<p data-pm-slice=\"1 1 []\">A <strong>Seelect<\/strong>, entenem la import\u00e0ncia del vostre ordinador en el vostre dia, ja per treballar, estudiar o gaudir del vostre temps lliure. Per aix\u00f2, oferim un servei de <strong>reparaci\u00f3 r\u00e0pida i eficient<\/strong>, assegurant-nos que el vostre equip tornar\u00e0 a funcionar com nou en el menor temps possible.<\/p>\t\t\t\t\t\t\t\t<\/div>\n\t\t\t\t<\/div>\n\t\t\t\t<\/div>\n\t\t<div class=\"elementor-element elementor-element-9071b97 e-con-full e-flex e-con e-child\" data-id=\"9071b97\" data-element_type=\"container\" data-e-type=\"container\">\n\t\t\t\t<div class=\"elementor-element elementor-element-e15f75e elementor-widget elementor-widget-image\" data-id=\"e15f75e\" data-element_type=\"widget\" data-e-type=\"widget\" data-widget_type=\"image.default\">\n\t\t\t\t<div class=\"elementor-widget-container\">\n\t\t\t\t\t\t\t\t\t\t\t\t\t\t\t<img loading=\"lazy\" decoding=\"async\" width=\"850\" height=\"558\" src=\"https:\/\/seelect.es\/wp-content\/uploads\/2025\/03\/imagen_2025-03-31_111648066.png\" class=\"attachment-large size-large wp-image-3595\" alt=\"\" srcset=\"https:\/\/seelect.es\/wp-content\/uploads\/2025\/03\/imagen_2025-03-31_111648066.png 850w, https:\/\/seelect.es\/wp-content\/uploads\/2025\/03\/imagen_2025-03-31_111648066-600x394.png 600w, https:\/\/seelect.es\/wp-content\/uploads\/2025\/03\/imagen_2025-03-31_111648066-300x197.png 300w, https:\/\/seelect.es\/wp-content\/uploads\/2025\/03\/imagen_2025-03-31_111648066-768x504.png 768w\" sizes=\"(max-width: 850px) 100vw, 850px\" \/>\t\t\t\t\t\t\t\t\t\t\t\t\t\t\t<\/div>\n\t\t\t\t<\/div>\n\t\t\t\t<\/div>\n\t\t\t\t\t<\/div>\n\t\t\t\t<\/div>\n\t\t\t\t<\/div>\n\t\t","protected":false},"excerpt":{"rendered":"<p>Reparem tot tipus d&#8217;equips electr\u00f2nics, de qualsevol marca, en els sectors de: INFORM\u00c0TICA Port\u00e0tils, ordinadors, impressores, SAI, monitors i\u00a0 altres. LLAR Televisors, tablets, consolas i\u00a0 altres. IND\u00daSTRIA Televisors, tablets, consoles i\u00a0 altres. A Seelect, entenem la import\u00e0ncia del vostre ordinador en el vostre dia, ja per treballar, estudiar o gaudir del vostre temps lliure. Per [&hellip;]<\/p>\n","protected":false},"author":2,"featured_media":0,"parent":0,"menu_order":0,"comment_status":"closed","ping_status":"closed","template":"","meta":{"_acf_changed":false,"footnotes":""},"class_list":["post-3961","page","type-page","status-publish","hentry"],"acf":[],"yoast_head":"<!-- This site is optimized with the Yoast SEO plugin v27.3 - https:\/\/yoast.com\/product\/yoast-seo-wordpress\/ -->\n<title>Reparacions - Seelect<\/title>\n<meta name=\"robots\" content=\"index, follow, max-snippet:-1, max-image-preview:large, max-video-preview:-1\" \/>\n<link rel=\"canonical\" href=\"https:\/\/seelect.es\/ca\/reparacions\/\" \/>\n<meta property=\"og:locale\" content=\"ca_ES\" \/>\n<meta property=\"og:type\" content=\"article\" \/>\n<meta property=\"og:title\" content=\"Reparacions - Seelect\" \/>\n<meta property=\"og:description\" content=\"Reparem tot tipus d&#8217;equips electr\u00f2nics, de qualsevol marca, en els sectors de: INFORM\u00c0TICA Port\u00e0tils, ordinadors, impressores, SAI, monitors i\u00a0 altres. LLAR Televisors, tablets, consolas i\u00a0 altres. IND\u00daSTRIA Televisors, tablets, consoles i\u00a0 altres. A Seelect, entenem la import\u00e0ncia del vostre ordinador en el vostre dia, ja per treballar, estudiar o gaudir del vostre temps lliure. Per [&hellip;]\" \/>\n<meta property=\"og:url\" content=\"https:\/\/seelect.es\/ca\/reparacions\/\" \/>\n<meta property=\"og:site_name\" content=\"Seelect\" \/>\n<meta property=\"article:modified_time\" content=\"2025-09-01T14:43:06+00:00\" \/>\n<meta property=\"og:image\" content=\"https:\/\/seelect.es\/wp-content\/uploads\/2025\/04\/imagen_2025-04-15_101534420.png\" \/>\n\t<meta property=\"og:image:width\" content=\"1000\" \/>\n\t<meta property=\"og:image:height\" content=\"1000\" \/>\n\t<meta property=\"og:image:type\" content=\"image\/png\" \/>\n<meta name=\"twitter:card\" content=\"summary_large_image\" \/>\n<meta name=\"twitter:label1\" content=\"Temps estimat de lectura\" \/>\n\t<meta name=\"twitter:data1\" content=\"2 minuts\" \/>\n<script type=\"application\/ld+json\" class=\"yoast-schema-graph\">{\"@context\":\"https:\\\/\\\/schema.org\",\"@graph\":[{\"@type\":\"WebPage\",\"@id\":\"https:\\\/\\\/seelect.es\\\/ca\\\/reparacions\\\/\",\"url\":\"https:\\\/\\\/seelect.es\\\/ca\\\/reparacions\\\/\",\"name\":\"Reparacions - Seelect\",\"isPartOf\":{\"@id\":\"https:\\\/\\\/seelect.es\\\/ca\\\/#website\"},\"primaryImageOfPage\":{\"@id\":\"https:\\\/\\\/seelect.es\\\/ca\\\/reparacions\\\/#primaryimage\"},\"image\":{\"@id\":\"https:\\\/\\\/seelect.es\\\/ca\\\/reparacions\\\/#primaryimage\"},\"thumbnailUrl\":\"https:\\\/\\\/seelect.es\\\/wp-content\\\/uploads\\\/2025\\\/04\\\/imagen_2025-04-15_101534420.png\",\"datePublished\":\"2019-11-03T06:06:24+00:00\",\"dateModified\":\"2025-09-01T14:43:06+00:00\",\"breadcrumb\":{\"@id\":\"https:\\\/\\\/seelect.es\\\/ca\\\/reparacions\\\/#breadcrumb\"},\"inLanguage\":\"ca\",\"potentialAction\":[{\"@type\":\"ReadAction\",\"target\":[\"https:\\\/\\\/seelect.es\\\/ca\\\/reparacions\\\/\"]}]},{\"@type\":\"ImageObject\",\"inLanguage\":\"ca\",\"@id\":\"https:\\\/\\\/seelect.es\\\/ca\\\/reparacions\\\/#primaryimage\",\"url\":\"https:\\\/\\\/seelect.es\\\/wp-content\\\/uploads\\\/2025\\\/04\\\/imagen_2025-04-15_101534420.png\",\"contentUrl\":\"https:\\\/\\\/seelect.es\\\/wp-content\\\/uploads\\\/2025\\\/04\\\/imagen_2025-04-15_101534420.png\"},{\"@type\":\"BreadcrumbList\",\"@id\":\"https:\\\/\\\/seelect.es\\\/ca\\\/reparacions\\\/#breadcrumb\",\"itemListElement\":[{\"@type\":\"ListItem\",\"position\":1,\"name\":\"Portada\",\"item\":\"https:\\\/\\\/seelect.es\\\/ca\\\/\"},{\"@type\":\"ListItem\",\"position\":2,\"name\":\"Reparacions\"}]},{\"@type\":\"WebSite\",\"@id\":\"https:\\\/\\\/seelect.es\\\/ca\\\/#website\",\"url\":\"https:\\\/\\\/seelect.es\\\/ca\\\/\",\"name\":\"Seelect\",\"description\":\"Reparaci\u00f3n y venta de equipos inform\u00e1ticos\",\"publisher\":{\"@id\":\"https:\\\/\\\/seelect.es\\\/ca\\\/#organization\"},\"alternateName\":\"Seelect\",\"potentialAction\":[{\"@type\":\"SearchAction\",\"target\":{\"@type\":\"EntryPoint\",\"urlTemplate\":\"https:\\\/\\\/seelect.es\\\/ca\\\/?s={search_term_string}\"},\"query-input\":{\"@type\":\"PropertyValueSpecification\",\"valueRequired\":true,\"valueName\":\"search_term_string\"}}],\"inLanguage\":\"ca\"},{\"@type\":\"Organization\",\"@id\":\"https:\\\/\\\/seelect.es\\\/ca\\\/#organization\",\"name\":\"Seelect\",\"alternateName\":\"Seelect\",\"url\":\"https:\\\/\\\/seelect.es\\\/ca\\\/\",\"logo\":{\"@type\":\"ImageObject\",\"inLanguage\":\"ca\",\"@id\":\"https:\\\/\\\/seelect.es\\\/ca\\\/#\\\/schema\\\/logo\\\/image\\\/\",\"url\":\"https:\\\/\\\/seelect.es\\\/wp-content\\\/uploads\\\/2025\\\/03\\\/imagen_2025-03-31_122952014.png\",\"contentUrl\":\"https:\\\/\\\/seelect.es\\\/wp-content\\\/uploads\\\/2025\\\/03\\\/imagen_2025-03-31_122952014.png\",\"width\":239,\"height\":100,\"caption\":\"Seelect\"},\"image\":{\"@id\":\"https:\\\/\\\/seelect.es\\\/ca\\\/#\\\/schema\\\/logo\\\/image\\\/\"}}]}<\/script>\n<!-- \/ Yoast SEO plugin. -->","yoast_head_json":{"title":"Reparacions - Seelect","robots":{"index":"index","follow":"follow","max-snippet":"max-snippet:-1","max-image-preview":"max-image-preview:large","max-video-preview":"max-video-preview:-1"},"canonical":"https:\/\/seelect.es\/ca\/reparacions\/","og_locale":"ca_ES","og_type":"article","og_title":"Reparacions - Seelect","og_description":"Reparem tot tipus d&#8217;equips electr\u00f2nics, de qualsevol marca, en els sectors de: INFORM\u00c0TICA Port\u00e0tils, ordinadors, impressores, SAI, monitors i\u00a0 altres. LLAR Televisors, tablets, consolas i\u00a0 altres. IND\u00daSTRIA Televisors, tablets, consoles i\u00a0 altres. A Seelect, entenem la import\u00e0ncia del vostre ordinador en el vostre dia, ja per treballar, estudiar o gaudir del vostre temps lliure. Per [&hellip;]","og_url":"https:\/\/seelect.es\/ca\/reparacions\/","og_site_name":"Seelect","article_modified_time":"2025-09-01T14:43:06+00:00","og_image":[{"width":1000,"height":1000,"url":"https:\/\/seelect.es\/wp-content\/uploads\/2025\/04\/imagen_2025-04-15_101534420.png","type":"image\/png"}],"twitter_card":"summary_large_image","twitter_misc":{"Temps estimat de lectura":"2 minuts"},"schema":{"@context":"https:\/\/schema.org","@graph":[{"@type":"WebPage","@id":"https:\/\/seelect.es\/ca\/reparacions\/","url":"https:\/\/seelect.es\/ca\/reparacions\/","name":"Reparacions - Seelect","isPartOf":{"@id":"https:\/\/seelect.es\/ca\/#website"},"primaryImageOfPage":{"@id":"https:\/\/seelect.es\/ca\/reparacions\/#primaryimage"},"image":{"@id":"https:\/\/seelect.es\/ca\/reparacions\/#primaryimage"},"thumbnailUrl":"https:\/\/seelect.es\/wp-content\/uploads\/2025\/04\/imagen_2025-04-15_101534420.png","datePublished":"2019-11-03T06:06:24+00:00","dateModified":"2025-09-01T14:43:06+00:00","breadcrumb":{"@id":"https:\/\/seelect.es\/ca\/reparacions\/#breadcrumb"},"inLanguage":"ca","potentialAction":[{"@type":"ReadAction","target":["https:\/\/seelect.es\/ca\/reparacions\/"]}]},{"@type":"ImageObject","inLanguage":"ca","@id":"https:\/\/seelect.es\/ca\/reparacions\/#primaryimage","url":"https:\/\/seelect.es\/wp-content\/uploads\/2025\/04\/imagen_2025-04-15_101534420.png","contentUrl":"https:\/\/seelect.es\/wp-content\/uploads\/2025\/04\/imagen_2025-04-15_101534420.png"},{"@type":"BreadcrumbList","@id":"https:\/\/seelect.es\/ca\/reparacions\/#breadcrumb","itemListElement":[{"@type":"ListItem","position":1,"name":"Portada","item":"https:\/\/seelect.es\/ca\/"},{"@type":"ListItem","position":2,"name":"Reparacions"}]},{"@type":"WebSite","@id":"https:\/\/seelect.es\/ca\/#website","url":"https:\/\/seelect.es\/ca\/","name":"Seelect","description":"Reparaci\u00f3n y venta de equipos inform\u00e1ticos","publisher":{"@id":"https:\/\/seelect.es\/ca\/#organization"},"alternateName":"Seelect","potentialAction":[{"@type":"SearchAction","target":{"@type":"EntryPoint","urlTemplate":"https:\/\/seelect.es\/ca\/?s={search_term_string}"},"query-input":{"@type":"PropertyValueSpecification","valueRequired":true,"valueName":"search_term_string"}}],"inLanguage":"ca"},{"@type":"Organization","@id":"https:\/\/seelect.es\/ca\/#organization","name":"Seelect","alternateName":"Seelect","url":"https:\/\/seelect.es\/ca\/","logo":{"@type":"ImageObject","inLanguage":"ca","@id":"https:\/\/seelect.es\/ca\/#\/schema\/logo\/image\/","url":"https:\/\/seelect.es\/wp-content\/uploads\/2025\/03\/imagen_2025-03-31_122952014.png","contentUrl":"https:\/\/seelect.es\/wp-content\/uploads\/2025\/03\/imagen_2025-03-31_122952014.png","width":239,"height":100,"caption":"Seelect"},"image":{"@id":"https:\/\/seelect.es\/ca\/#\/schema\/logo\/image\/"}}]}},"_links":{"self":[{"href":"https:\/\/seelect.es\/ca\/wp-json\/wp\/v2\/pages\/3961","targetHints":{"allow":["GET"]}}],"collection":[{"href":"https:\/\/seelect.es\/ca\/wp-json\/wp\/v2\/pages"}],"about":[{"href":"https:\/\/seelect.es\/ca\/wp-json\/wp\/v2\/types\/page"}],"author":[{"embeddable":true,"href":"https:\/\/seelect.es\/ca\/wp-json\/wp\/v2\/users\/2"}],"replies":[{"embeddable":true,"href":"https:\/\/seelect.es\/ca\/wp-json\/wp\/v2\/comments?post=3961"}],"version-history":[{"count":53,"href":"https:\/\/seelect.es\/ca\/wp-json\/wp\/v2\/pages\/3961\/revisions"}],"predecessor-version":[{"id":4709,"href":"https:\/\/seelect.es\/ca\/wp-json\/wp\/v2\/pages\/3961\/revisions\/4709"}],"wp:attachment":[{"href":"https:\/\/seelect.es\/ca\/wp-json\/wp\/v2\/media?parent=3961"}],"curies":[{"name":"wp","href":"https:\/\/api.w.org\/{rel}","templated":true}]}}