{"id":3966,"date":"2019-11-03T06:03:22","date_gmt":"2019-11-03T06:03:22","guid":{"rendered":"https:\/\/seelect.es\/contacto\/"},"modified":"2025-09-01T15:45:53","modified_gmt":"2025-09-01T15:45:53","slug":"contacte","status":"publish","type":"page","link":"https:\/\/seelect.es\/ca\/contacte\/","title":{"rendered":"Contacte"},"content":{"rendered":"\t\t<div data-elementor-type=\"wp-page\" data-elementor-id=\"3966\" class=\"elementor elementor-3966 elementor-65\" data-elementor-post-type=\"page\">\n\t\t\t\t<div class=\"elementor-element elementor-element-5eac165 e-flex e-con-boxed e-con e-parent\" data-id=\"5eac165\" data-element_type=\"container\" data-e-type=\"container\">\n\t\t\t\t\t<div class=\"e-con-inner\">\n\t\t<div class=\"elementor-element elementor-element-daccaba e-con-full e-flex e-con e-child\" data-id=\"daccaba\" data-element_type=\"container\" data-e-type=\"container\">\n\t\t\t\t<div class=\"elementor-element elementor-element-ce34117 elementor-widget__width-auto elementor-view-default elementor-position-block-start elementor-mobile-position-block-start elementor-widget elementor-widget-icon-box\" data-id=\"ce34117\" data-element_type=\"widget\" data-e-type=\"widget\" data-widget_type=\"icon-box.default\">\n\t\t\t\t<div class=\"elementor-widget-container\">\n\t\t\t\t\t\t\t<div class=\"elementor-icon-box-wrapper\">\n\n\t\t\t\t\t\t<div class=\"elementor-icon-box-icon\">\n\t\t\t\t<a href=\"tel:+34933194050\" target=\"_blank\" rel=\"nofollow\" class=\"elementor-icon\" tabindex=\"-1\" aria-label=\"Tel\u00e8fon\">\n\t\t\t\t<i aria-hidden=\"true\" class=\"fas fa-phone-alt\"><\/i>\t\t\t\t<\/a>\n\t\t\t<\/div>\n\t\t\t\n\t\t\t\t\t\t<div class=\"elementor-icon-box-content\">\n\n\t\t\t\t\t\t\t\t\t<h4 class=\"elementor-icon-box-title\">\n\t\t\t\t\t\t<a href=\"tel:+34933194050\" target=\"_blank\" rel=\"nofollow\" >\n\t\t\t\t\t\t\tTel\u00e8fon\t\t\t\t\t\t<\/a>\n\t\t\t\t\t<\/h4>\n\t\t\t\t\n\t\t\t\t\t\t\t\t\t<p class=\"elementor-icon-box-description\">\n\t\t\t\t\t\t<a href=\"tel:+34937244762\" style=\"color: #ff6900\">93 724 47 62<\/a>\t\t\t\t\t<\/p>\n\t\t\t\t\n\t\t\t<\/div>\n\t\t\t\n\t\t<\/div>\n\t\t\t\t\t\t<\/div>\n\t\t\t\t<\/div>\n\t\t\t\t<\/div>\n\t\t<div class=\"elementor-element elementor-element-a50eb74 e-con-full e-flex e-con e-child\" data-id=\"a50eb74\" data-element_type=\"container\" data-e-type=\"container\">\n\t\t\t\t<div class=\"elementor-element elementor-element-2107b72 elementor-widget__width-auto elementor-view-default elementor-position-block-start elementor-mobile-position-block-start elementor-widget elementor-widget-icon-box\" data-id=\"2107b72\" data-element_type=\"widget\" data-e-type=\"widget\" data-widget_type=\"icon-box.default\">\n\t\t\t\t<div class=\"elementor-widget-container\">\n\t\t\t\t\t\t\t<div class=\"elementor-icon-box-wrapper\">\n\n\t\t\t\t\t\t<div class=\"elementor-icon-box-icon\">\n\t\t\t\t<a href=\"mailto:info@seelect.es\" class=\"elementor-icon\" tabindex=\"-1\" aria-label=\"Email\">\n\t\t\t\t<i aria-hidden=\"true\" class=\"fas fa-envelope\"><\/i>\t\t\t\t<\/a>\n\t\t\t<\/div>\n\t\t\t\n\t\t\t\t\t\t<div class=\"elementor-icon-box-content\">\n\n\t\t\t\t\t\t\t\t\t<h4 class=\"elementor-icon-box-title\">\n\t\t\t\t\t\t<a href=\"mailto:info@seelect.es\" >\n\t\t\t\t\t\t\tEmail\t\t\t\t\t\t<\/a>\n\t\t\t\t\t<\/h4>\n\t\t\t\t\n\t\t\t\t\t\t\t\t\t<p class=\"elementor-icon-box-description\">\n\t\t\t\t\t\t<a href=\"mailto:info@seelect.es\" style=\"color: #ff6900\"> info@seelect.es<\/a>\t\t\t\t\t<\/p>\n\t\t\t\t\n\t\t\t<\/div>\n\t\t\t\n\t\t<\/div>\n\t\t\t\t\t\t<\/div>\n\t\t\t\t<\/div>\n\t\t\t\t<\/div>\n\t\t<div class=\"elementor-element elementor-element-bc08d93 e-con-full e-flex e-con e-child\" data-id=\"bc08d93\" data-element_type=\"container\" data-e-type=\"container\">\n\t\t\t\t<div class=\"elementor-element elementor-element-ee8d4f8 elementor-widget__width-auto elementor-view-default elementor-position-block-start elementor-mobile-position-block-start elementor-widget elementor-widget-icon-box\" data-id=\"ee8d4f8\" data-element_type=\"widget\" data-e-type=\"widget\" data-widget_type=\"icon-box.default\">\n\t\t\t\t<div class=\"elementor-widget-container\">\n\t\t\t\t\t\t\t<div class=\"elementor-icon-box-wrapper\">\n\n\t\t\t\t\t\t<div class=\"elementor-icon-box-icon\">\n\t\t\t\t<a href=\"https:\/\/maps.app.goo.gl\/pw9WoJWgFejegCJe9\" target=\"_blank\" rel=\"nofollow\" class=\"elementor-icon\" tabindex=\"-1\" aria-label=\"Direcci\u00f3\">\n\t\t\t\t<i aria-hidden=\"true\" class=\"fas fa-map-marker-alt\"><\/i>\t\t\t\t<\/a>\n\t\t\t<\/div>\n\t\t\t\n\t\t\t\t\t\t<div class=\"elementor-icon-box-content\">\n\n\t\t\t\t\t\t\t\t\t<h4 class=\"elementor-icon-box-title\">\n\t\t\t\t\t\t<a href=\"https:\/\/maps.app.goo.gl\/pw9WoJWgFejegCJe9\" target=\"_blank\" rel=\"nofollow\" >\n\t\t\t\t\t\t\tDirecci\u00f3\t\t\t\t\t\t<\/a>\n\t\t\t\t\t<\/h4>\n\t\t\t\t\n\t\t\t\t\t\t\t\t\t<p class=\"elementor-icon-box-description\">\n\t\t\t\t\t\t<a href=\"https:\/\/maps.app.goo.gl\/4YAh4Fq5KGA1rRCe7\" style=\"color: #ff6900\"> C\/ Pere Monistrol, 16<br> 08206 Sabadell (Barcelona)<\/a> \t\t\t\t\t<\/p>\n\t\t\t\t\n\t\t\t<\/div>\n\t\t\t\n\t\t<\/div>\n\t\t\t\t\t\t<\/div>\n\t\t\t\t<\/div>\n\t\t\t\t<\/div>\n\t\t\t\t\t<\/div>\n\t\t\t\t<\/div>\n\t\t<div class=\"elementor-element elementor-element-da47114 e-flex e-con-boxed e-con e-parent\" data-id=\"da47114\" data-element_type=\"container\" data-e-type=\"container\">\n\t\t\t\t\t<div class=\"e-con-inner\">\n\t\t\t\t<div class=\"elementor-element elementor-element-07519e6 elementor-widget-divider--view-line elementor-widget elementor-widget-divider\" data-id=\"07519e6\" data-element_type=\"widget\" data-e-type=\"widget\" data-widget_type=\"divider.default\">\n\t\t\t\t<div class=\"elementor-widget-container\">\n\t\t\t\t\t\t\t<div class=\"elementor-divider\">\n\t\t\t<span class=\"elementor-divider-separator\">\n\t\t\t\t\t\t<\/span>\n\t\t<\/div>\n\t\t\t\t\t\t<\/div>\n\t\t\t\t<\/div>\n\t\t\t\t\t<\/div>\n\t\t\t\t<\/div>\n\t\t<div class=\"elementor-element elementor-element-d13c906 e-flex e-con-boxed e-con e-parent\" data-id=\"d13c906\" data-element_type=\"container\" data-e-type=\"container\">\n\t\t\t\t\t<div class=\"e-con-inner\">\n\t\t<div class=\"elementor-element elementor-element-f57e201 e-con-full e-flex e-con e-child\" data-id=\"f57e201\" data-element_type=\"container\" data-e-type=\"container\">\n\t\t<div class=\"elementor-element elementor-element-665133e e-con-full e-flex e-con e-child\" data-id=\"665133e\" data-element_type=\"container\" data-e-type=\"container\" data-settings=\"{&quot;sticky&quot;:&quot;top&quot;,&quot;sticky_offset&quot;:15,&quot;sticky_parent&quot;:&quot;yes&quot;,&quot;sticky_on&quot;:[&quot;desktop&quot;,&quot;tablet&quot;,&quot;mobile&quot;],&quot;sticky_effects_offset&quot;:0,&quot;sticky_anchor_link_offset&quot;:0}\">\n\t\t\t\t<div class=\"elementor-element elementor-element-a444c97 elementor-widget elementor-widget-heading\" data-id=\"a444c97\" data-element_type=\"widget\" data-e-type=\"widget\" data-widget_type=\"heading.default\">\n\t\t\t\t<div class=\"elementor-widget-container\">\n\t\t\t\t\t<h3 class=\"elementor-heading-title elementor-size-default\">Ompliu el nostre Formulari<\/h3>\t\t\t\t<\/div>\n\t\t\t\t<\/div>\n\t\t\t\t<div class=\"elementor-element elementor-element-ebc382c elementor-widget-divider--view-line elementor-widget elementor-widget-divider\" data-id=\"ebc382c\" data-element_type=\"widget\" data-e-type=\"widget\" data-widget_type=\"divider.default\">\n\t\t\t\t<div class=\"elementor-widget-container\">\n\t\t\t\t\t\t\t<div class=\"elementor-divider\">\n\t\t\t<span class=\"elementor-divider-separator\">\n\t\t\t\t\t\t<\/span>\n\t\t<\/div>\n\t\t\t\t\t\t<\/div>\n\t\t\t\t<\/div>\n\t\t\t\t<div class=\"elementor-element elementor-element-08c7f99 elementor-widget elementor-widget-text-editor\" data-id=\"08c7f99\" data-element_type=\"widget\" data-e-type=\"widget\" data-widget_type=\"text-editor.default\">\n\t\t\t\t<div class=\"elementor-widget-container\">\n\t\t\t\t\t\t\t\t\t<p>El nostre equip est\u00e0 llest per atendre i respondr\u00e0 el m\u00e9s r\u00e0pid possible.<\/p>\t\t\t\t\t\t\t\t<\/div>\n\t\t\t\t<\/div>\n\t\t\t\t<\/div>\n\t\t\t\t<\/div>\n\t\t<div class=\"elementor-element elementor-element-7b7ec00 e-con-full e-flex e-con e-child\" data-id=\"7b7ec00\" data-element_type=\"container\" data-e-type=\"container\" data-settings=\"{&quot;background_background&quot;:&quot;classic&quot;}\">\n\t\t\t\t<div class=\"elementor-element elementor-element-4a38780 elementor-widget elementor-widget-wpforms\" data-id=\"4a38780\" data-element_type=\"widget\" data-e-type=\"widget\" data-widget_type=\"wpforms.default\">\n\t\t\t\t<div class=\"elementor-widget-container\">\n\t\t\t\t\t<style id=\"wpforms-css-vars-elementor-widget-4a38780\">\n\t\t\t\t.elementor-widget-wpforms.elementor-element-4a38780 {\n\t\t\t\t--wpforms-field-border-radius: 15px;\n--wpforms-field-background-color: #FFFFFF;\n--wpforms-field-border-color: #5E5B5A;\n--wpforms-field-border-color-spare: #5E5B5A;\n--wpforms-label-sublabel-color: #0000008C;\n--wpforms-button-background-color: #CA5209;\n\t\t\t}\n\t\t\t<\/style><div class=\"wpforms-container wpforms-container-full wpforms-render-modern\" id=\"wpforms-3968\"><form id=\"wpforms-form-3968\" class=\"wpforms-validate wpforms-form wpforms-ajax-form\" data-formid=\"3968\" method=\"post\" enctype=\"multipart\/form-data\" action=\"\/ca\/wp-json\/wp\/v2\/pages\/3966\" data-token=\"66b59109b7c2fd106bda46be4ac1cf65\" data-token-time=\"1775309455\"><noscript class=\"wpforms-error-noscript\">Activeu el JavaScript al navegador per a poder completar el formulari.<\/noscript><div id=\"wpforms-error-noscript\" style=\"display: none;\">Activeu el JavaScript al navegador per a poder completar el formulari.<\/div><div class=\"wpforms-field-container\"><div id=\"wpforms-3968-field_1-container\" class=\"wpforms-field wpforms-field-name\" data-field-id=\"1\"><fieldset><legend class=\"wpforms-field-label\">Nom <span class=\"wpforms-required-label\" aria-hidden=\"true\">*<\/span><\/legend><div class=\"wpforms-field-row wpforms-field-large\"><div class=\"wpforms-field-row-block wpforms-first wpforms-one-half\"><input type=\"text\" id=\"wpforms-3968-field_1\" class=\"wpforms-field-name-first wpforms-field-required\" name=\"wpforms[fields][1][first]\" aria-errormessage=\"wpforms-3968-field_1-error\" required><label for=\"wpforms-3968-field_1\" class=\"wpforms-field-sublabel after wpforms-sublabel-hide\">Nom<\/label><\/div><div class=\"wpforms-field-row-block wpforms-one-half\"><input type=\"text\" id=\"wpforms-3968-field_1-last\" class=\"wpforms-field-name-last wpforms-field-required\" name=\"wpforms[fields][1][last]\" aria-errormessage=\"wpforms-3968-field_1-last-error\" required><label for=\"wpforms-3968-field_1-last\" class=\"wpforms-field-sublabel after wpforms-sublabel-hide\">Cognoms<\/label><\/div><\/div><\/fieldset><\/div>\t\t<div id=\"wpforms-3968-field_5-container\"\n\t\t\tclass=\"wpforms-field wpforms-field-text\"\n\t\t\tdata-field-type=\"text\"\n\t\t\tdata-field-id=\"5\"\n\t\t\t>\n\t\t\t<label class=\"wpforms-field-label\" for=\"wpforms-3968-field_5\" >Nom Correu Electronic<\/label>\n\t\t\t<input type=\"text\" id=\"wpforms-3968-field_5\" class=\"wpforms-field-medium\" name=\"wpforms[fields][5]\" >\n\t\t<\/div>\n\t\t<div id=\"wpforms-3968-field_2-container\" class=\"wpforms-field wpforms-field-email\" data-field-id=\"2\"><label class=\"wpforms-field-label\" for=\"wpforms-3968-field_2\">Correu Electronic <span class=\"wpforms-required-label\" aria-hidden=\"true\">*<\/span><\/label><input type=\"email\" id=\"wpforms-3968-field_2\" class=\"wpforms-field-large wpforms-field-required\" name=\"wpforms[fields][2]\" spellcheck=\"false\" aria-errormessage=\"wpforms-3968-field_2-error\" required><\/div><div id=\"wpforms-3968-field_3-container\" class=\"wpforms-field wpforms-field-textarea\" data-field-id=\"3\"><label class=\"wpforms-field-label\" for=\"wpforms-3968-field_3\">Missatge <span class=\"wpforms-required-label\" aria-hidden=\"true\">*<\/span><\/label><textarea id=\"wpforms-3968-field_3\" class=\"wpforms-field-medium wpforms-field-required\" name=\"wpforms[fields][3]\" aria-errormessage=\"wpforms-3968-field_3-error\" required><\/textarea><\/div><div id=\"wpforms-3968-field_4-container\" class=\"wpforms-field wpforms-field-checkbox\" data-field-id=\"4\"><fieldset><legend class=\"wpforms-field-label wpforms-label-hide\" aria-hidden=\"false\"> <span class=\"wpforms-required-label\" aria-hidden=\"true\">*<\/span><\/legend><ul id=\"wpforms-3968-field_4\" class=\"wpforms-field-required\"><li class=\"choice-3 depth-1\"><input type=\"checkbox\" id=\"wpforms-3968-field_4_3\" name=\"wpforms[fields][4][]\" value=\"He llegit i acepto la &lt;a target=&quot;_blank&quot; href=&quot;\/politica-privacdesa&quot;&gt;Pol\u00edtica de Privadesa&lt;\/a&gt; i les &lt;a target=&quot;_blank&quot; href=&quot;\/condicions-dus&quot;&gt;Condicions d&#039;us&lt;\/a&gt; de seelect.es *\" aria-errormessage=\"wpforms-3968-field_4_3-error\" required ><label class=\"wpforms-field-label-inline\" for=\"wpforms-3968-field_4_3\">He llegit i acepto la <a target=\"_blank\" href=\"\/politica-privacdesa\">Pol\u00edtica de Privadesa<\/a> i les <a target=\"_blank\" href=\"\/condicions-dus\">Condicions d'us<\/a> de seelect.es *<\/label><\/li><\/ul><\/fieldset><\/div><script>\n\t\t\t\t( function() {\n\t\t\t\t\tconst style = document.createElement( 'style' );\n\t\t\t\t\tstyle.appendChild( document.createTextNode( '#wpforms-3968-field_5-container { position: absolute !important; overflow: hidden !important; display: inline !important; height: 1px !important; width: 1px !important; z-index: -1000 !important; padding: 0 !important; } #wpforms-3968-field_5-container input { visibility: hidden; } #wpforms-conversational-form-page #wpforms-3968-field_5-container label { counter-increment: none; }' ) );\n\t\t\t\t\tdocument.head.appendChild( style );\n\t\t\t\t\tdocument.currentScript?.remove();\n\t\t\t\t} )();\n\t\t\t<\/script><\/div><!-- .wpforms-field-container --><div class=\"wpforms-submit-container\" ><input type=\"hidden\" name=\"wpforms[id]\" value=\"3968\"><input type=\"hidden\" name=\"page_title\" value=\"\"><input type=\"hidden\" name=\"page_url\" value=\"https:\/\/seelect.es\/ca\/wp-json\/wp\/v2\/pages\/3966\"><input type=\"hidden\" name=\"url_referer\" value=\"\"><button type=\"submit\" name=\"wpforms[submit]\" id=\"wpforms-submit-3968\" class=\"wpforms-submit\" data-alt-text=\"Enviant...\" data-submit-text=\"Enviar\" aria-live=\"assertive\" value=\"wpforms-submit\">Enviar<\/button><img decoding=\"async\" src=\"https:\/\/seelect.es\/wp-content\/plugins\/wpforms-lite\/assets\/images\/submit-spin.svg\" class=\"wpforms-submit-spinner\" style=\"display: none;\" width=\"26\" height=\"26\" alt=\"S&#039;est\u00e0 carregant\"><\/div><\/form><\/div>  <!-- .wpforms-container -->\t\t\t\t<\/div>\n\t\t\t\t<\/div>\n\t\t\t\t<\/div>\n\t\t\t\t\t<\/div>\n\t\t\t\t<\/div>\n\t\t<div class=\"elementor-element elementor-element-ef687e2 e-flex e-con-boxed e-con e-parent\" data-id=\"ef687e2\" data-element_type=\"container\" data-e-type=\"container\">\n\t\t\t\t\t<div class=\"e-con-inner\">\n\t\t\t\t<div class=\"elementor-element elementor-element-7435163 elementor-widget elementor-widget-google_maps\" data-id=\"7435163\" data-element_type=\"widget\" data-e-type=\"widget\" data-widget_type=\"google_maps.default\">\n\t\t\t\t<div class=\"elementor-widget-container\">\n\t\t\t\t\t\t\t<div class=\"elementor-custom-embed\">\n\t\t\t<iframe loading=\"lazy\"\n\t\t\t\t\tsrc=\"https:\/\/maps.google.com\/maps?q=%20Carrer%20Pere%20Monistrol%2C%2016%2C%2008206%20Sabadell%20%28Barcelona%29&#038;t=m&#038;z=14&#038;output=embed&#038;iwloc=near\"\n\t\t\t\t\ttitle=\" Carrer Pere Monistrol, 16, 08206 Sabadell (Barcelona)\"\n\t\t\t\t\taria-label=\" Carrer Pere Monistrol, 16, 08206 Sabadell (Barcelona)\"\n\t\t\t><\/iframe>\n\t\t<\/div>\n\t\t\t\t\t\t<\/div>\n\t\t\t\t<\/div>\n\t\t\t\t\t<\/div>\n\t\t\t\t<\/div>\n\t\t\t\t<\/div>\n\t\t","protected":false},"excerpt":{"rendered":"<p>Tel\u00e8fon 93 724 47 62 Email info@seelect.es Direcci\u00f3 C\/ Pere Monistrol, 16 08206 Sabadell (Barcelona) Ompliu el nostre Formulari El nostre equip est\u00e0 llest per atendre i respondr\u00e0 el m\u00e9s r\u00e0pid possible. Por favor, activa JavaScript en tu navegador para completar este formulario.Por favor, activa JavaScript en tu navegador para completar este formulario. Nom * [&hellip;]<\/p>\n","protected":false},"author":2,"featured_media":0,"parent":0,"menu_order":0,"comment_status":"closed","ping_status":"closed","template":"","meta":{"_acf_changed":false,"footnotes":""},"class_list":["post-3966","page","type-page","status-publish","hentry"],"acf":[],"yoast_head":"<!-- This site is optimized with the Yoast SEO plugin v27.3 - https:\/\/yoast.com\/product\/yoast-seo-wordpress\/ -->\n<title>Contacte - Seelect<\/title>\n<meta name=\"robots\" content=\"index, follow, max-snippet:-1, max-image-preview:large, max-video-preview:-1\" \/>\n<link rel=\"canonical\" href=\"https:\/\/seelect.es\/ca\/contacte\/\" \/>\n<meta property=\"og:locale\" content=\"ca_ES\" \/>\n<meta property=\"og:type\" content=\"article\" \/>\n<meta property=\"og:title\" content=\"Contacte - Seelect\" \/>\n<meta property=\"og:description\" content=\"Tel\u00e8fon 93 724 47 62 Email info@seelect.es Direcci\u00f3 C\/ Pere Monistrol, 16 08206 Sabadell (Barcelona) Ompliu el nostre Formulari El nostre equip est\u00e0 llest per atendre i respondr\u00e0 el m\u00e9s r\u00e0pid possible. Por favor, activa JavaScript en tu navegador para completar este formulario.Por favor, activa JavaScript en tu navegador para completar este formulario. Nom * [&hellip;]\" \/>\n<meta property=\"og:url\" content=\"https:\/\/seelect.es\/ca\/contacte\/\" \/>\n<meta property=\"og:site_name\" content=\"Seelect\" \/>\n<meta property=\"article:modified_time\" content=\"2025-09-01T15:45:53+00:00\" \/>\n<meta property=\"og:image\" content=\"https:\/\/seelect.es\/wp-content\/plugins\/wpforms-lite\/assets\/images\/submit-spin.svg\" \/>\n<meta name=\"twitter:card\" content=\"summary_large_image\" \/>\n<meta name=\"twitter:label1\" content=\"Temps estimat de lectura\" \/>\n\t<meta name=\"twitter:data1\" content=\"1 minut\" \/>\n<script type=\"application\/ld+json\" class=\"yoast-schema-graph\">{\"@context\":\"https:\\\/\\\/schema.org\",\"@graph\":[{\"@type\":\"WebPage\",\"@id\":\"https:\\\/\\\/seelect.es\\\/ca\\\/contacte\\\/\",\"url\":\"https:\\\/\\\/seelect.es\\\/ca\\\/contacte\\\/\",\"name\":\"Contacte - Seelect\",\"isPartOf\":{\"@id\":\"https:\\\/\\\/seelect.es\\\/ca\\\/#website\"},\"primaryImageOfPage\":{\"@id\":\"https:\\\/\\\/seelect.es\\\/ca\\\/contacte\\\/#primaryimage\"},\"image\":{\"@id\":\"https:\\\/\\\/seelect.es\\\/ca\\\/contacte\\\/#primaryimage\"},\"thumbnailUrl\":\"https:\\\/\\\/seelect.es\\\/wp-content\\\/plugins\\\/wpforms-lite\\\/assets\\\/images\\\/submit-spin.svg\",\"datePublished\":\"2019-11-03T06:03:22+00:00\",\"dateModified\":\"2025-09-01T15:45:53+00:00\",\"breadcrumb\":{\"@id\":\"https:\\\/\\\/seelect.es\\\/ca\\\/contacte\\\/#breadcrumb\"},\"inLanguage\":\"ca\",\"potentialAction\":[{\"@type\":\"ReadAction\",\"target\":[\"https:\\\/\\\/seelect.es\\\/ca\\\/contacte\\\/\"]}]},{\"@type\":\"ImageObject\",\"inLanguage\":\"ca\",\"@id\":\"https:\\\/\\\/seelect.es\\\/ca\\\/contacte\\\/#primaryimage\",\"url\":\"https:\\\/\\\/seelect.es\\\/wp-content\\\/plugins\\\/wpforms-lite\\\/assets\\\/images\\\/submit-spin.svg\",\"contentUrl\":\"https:\\\/\\\/seelect.es\\\/wp-content\\\/plugins\\\/wpforms-lite\\\/assets\\\/images\\\/submit-spin.svg\"},{\"@type\":\"BreadcrumbList\",\"@id\":\"https:\\\/\\\/seelect.es\\\/ca\\\/contacte\\\/#breadcrumb\",\"itemListElement\":[{\"@type\":\"ListItem\",\"position\":1,\"name\":\"Portada\",\"item\":\"https:\\\/\\\/seelect.es\\\/ca\\\/\"},{\"@type\":\"ListItem\",\"position\":2,\"name\":\"Contacte\"}]},{\"@type\":\"WebSite\",\"@id\":\"https:\\\/\\\/seelect.es\\\/ca\\\/#website\",\"url\":\"https:\\\/\\\/seelect.es\\\/ca\\\/\",\"name\":\"Seelect\",\"description\":\"Reparaci\u00f3n y venta de equipos inform\u00e1ticos\",\"publisher\":{\"@id\":\"https:\\\/\\\/seelect.es\\\/ca\\\/#organization\"},\"alternateName\":\"Seelect\",\"potentialAction\":[{\"@type\":\"SearchAction\",\"target\":{\"@type\":\"EntryPoint\",\"urlTemplate\":\"https:\\\/\\\/seelect.es\\\/ca\\\/?s={search_term_string}\"},\"query-input\":{\"@type\":\"PropertyValueSpecification\",\"valueRequired\":true,\"valueName\":\"search_term_string\"}}],\"inLanguage\":\"ca\"},{\"@type\":\"Organization\",\"@id\":\"https:\\\/\\\/seelect.es\\\/ca\\\/#organization\",\"name\":\"Seelect\",\"alternateName\":\"Seelect\",\"url\":\"https:\\\/\\\/seelect.es\\\/ca\\\/\",\"logo\":{\"@type\":\"ImageObject\",\"inLanguage\":\"ca\",\"@id\":\"https:\\\/\\\/seelect.es\\\/ca\\\/#\\\/schema\\\/logo\\\/image\\\/\",\"url\":\"https:\\\/\\\/seelect.es\\\/wp-content\\\/uploads\\\/2025\\\/03\\\/imagen_2025-03-31_122952014.png\",\"contentUrl\":\"https:\\\/\\\/seelect.es\\\/wp-content\\\/uploads\\\/2025\\\/03\\\/imagen_2025-03-31_122952014.png\",\"width\":239,\"height\":100,\"caption\":\"Seelect\"},\"image\":{\"@id\":\"https:\\\/\\\/seelect.es\\\/ca\\\/#\\\/schema\\\/logo\\\/image\\\/\"}}]}<\/script>\n<!-- \/ Yoast SEO plugin. -->","yoast_head_json":{"title":"Contacte - Seelect","robots":{"index":"index","follow":"follow","max-snippet":"max-snippet:-1","max-image-preview":"max-image-preview:large","max-video-preview":"max-video-preview:-1"},"canonical":"https:\/\/seelect.es\/ca\/contacte\/","og_locale":"ca_ES","og_type":"article","og_title":"Contacte - Seelect","og_description":"Tel\u00e8fon 93 724 47 62 Email info@seelect.es Direcci\u00f3 C\/ Pere Monistrol, 16 08206 Sabadell (Barcelona) Ompliu el nostre Formulari El nostre equip est\u00e0 llest per atendre i respondr\u00e0 el m\u00e9s r\u00e0pid possible. Por favor, activa JavaScript en tu navegador para completar este formulario.Por favor, activa JavaScript en tu navegador para completar este formulario. Nom * [&hellip;]","og_url":"https:\/\/seelect.es\/ca\/contacte\/","og_site_name":"Seelect","article_modified_time":"2025-09-01T15:45:53+00:00","og_image":[{"url":"https:\/\/seelect.es\/wp-content\/plugins\/wpforms-lite\/assets\/images\/submit-spin.svg","type":"","width":"","height":""}],"twitter_card":"summary_large_image","twitter_misc":{"Temps estimat de lectura":"1 minut"},"schema":{"@context":"https:\/\/schema.org","@graph":[{"@type":"WebPage","@id":"https:\/\/seelect.es\/ca\/contacte\/","url":"https:\/\/seelect.es\/ca\/contacte\/","name":"Contacte - Seelect","isPartOf":{"@id":"https:\/\/seelect.es\/ca\/#website"},"primaryImageOfPage":{"@id":"https:\/\/seelect.es\/ca\/contacte\/#primaryimage"},"image":{"@id":"https:\/\/seelect.es\/ca\/contacte\/#primaryimage"},"thumbnailUrl":"https:\/\/seelect.es\/wp-content\/plugins\/wpforms-lite\/assets\/images\/submit-spin.svg","datePublished":"2019-11-03T06:03:22+00:00","dateModified":"2025-09-01T15:45:53+00:00","breadcrumb":{"@id":"https:\/\/seelect.es\/ca\/contacte\/#breadcrumb"},"inLanguage":"ca","potentialAction":[{"@type":"ReadAction","target":["https:\/\/seelect.es\/ca\/contacte\/"]}]},{"@type":"ImageObject","inLanguage":"ca","@id":"https:\/\/seelect.es\/ca\/contacte\/#primaryimage","url":"https:\/\/seelect.es\/wp-content\/plugins\/wpforms-lite\/assets\/images\/submit-spin.svg","contentUrl":"https:\/\/seelect.es\/wp-content\/plugins\/wpforms-lite\/assets\/images\/submit-spin.svg"},{"@type":"BreadcrumbList","@id":"https:\/\/seelect.es\/ca\/contacte\/#breadcrumb","itemListElement":[{"@type":"ListItem","position":1,"name":"Portada","item":"https:\/\/seelect.es\/ca\/"},{"@type":"ListItem","position":2,"name":"Contacte"}]},{"@type":"WebSite","@id":"https:\/\/seelect.es\/ca\/#website","url":"https:\/\/seelect.es\/ca\/","name":"Seelect","description":"Reparaci\u00f3n y venta de equipos inform\u00e1ticos","publisher":{"@id":"https:\/\/seelect.es\/ca\/#organization"},"alternateName":"Seelect","potentialAction":[{"@type":"SearchAction","target":{"@type":"EntryPoint","urlTemplate":"https:\/\/seelect.es\/ca\/?s={search_term_string}"},"query-input":{"@type":"PropertyValueSpecification","valueRequired":true,"valueName":"search_term_string"}}],"inLanguage":"ca"},{"@type":"Organization","@id":"https:\/\/seelect.es\/ca\/#organization","name":"Seelect","alternateName":"Seelect","url":"https:\/\/seelect.es\/ca\/","logo":{"@type":"ImageObject","inLanguage":"ca","@id":"https:\/\/seelect.es\/ca\/#\/schema\/logo\/image\/","url":"https:\/\/seelect.es\/wp-content\/uploads\/2025\/03\/imagen_2025-03-31_122952014.png","contentUrl":"https:\/\/seelect.es\/wp-content\/uploads\/2025\/03\/imagen_2025-03-31_122952014.png","width":239,"height":100,"caption":"Seelect"},"image":{"@id":"https:\/\/seelect.es\/ca\/#\/schema\/logo\/image\/"}}]}},"_links":{"self":[{"href":"https:\/\/seelect.es\/ca\/wp-json\/wp\/v2\/pages\/3966","targetHints":{"allow":["GET"]}}],"collection":[{"href":"https:\/\/seelect.es\/ca\/wp-json\/wp\/v2\/pages"}],"about":[{"href":"https:\/\/seelect.es\/ca\/wp-json\/wp\/v2\/types\/page"}],"author":[{"embeddable":true,"href":"https:\/\/seelect.es\/ca\/wp-json\/wp\/v2\/users\/2"}],"replies":[{"embeddable":true,"href":"https:\/\/seelect.es\/ca\/wp-json\/wp\/v2\/comments?post=3966"}],"version-history":[{"count":20,"href":"https:\/\/seelect.es\/ca\/wp-json\/wp\/v2\/pages\/3966\/revisions"}],"predecessor-version":[{"id":4788,"href":"https:\/\/seelect.es\/ca\/wp-json\/wp\/v2\/pages\/3966\/revisions\/4788"}],"wp:attachment":[{"href":"https:\/\/seelect.es\/ca\/wp-json\/wp\/v2\/media?parent=3966"}],"curies":[{"name":"wp","href":"https:\/\/api.w.org\/{rel}","templated":true}]}}