{"id":3976,"date":"2025-04-15T11:42:02","date_gmt":"2025-04-15T11:42:02","guid":{"rendered":"https:\/\/seelect.es\/politica-de-cookies\/"},"modified":"2025-09-01T15:53:17","modified_gmt":"2025-09-01T15:53:17","slug":"politica-de-cookies","status":"publish","type":"page","link":"https:\/\/seelect.es\/ca\/politica-de-cookies\/","title":{"rendered":"Pol\u00edtica de Cookies"},"content":{"rendered":"\t\t<div data-elementor-type=\"wp-page\" data-elementor-id=\"3976\" class=\"elementor elementor-3976 elementor-3877\" data-elementor-post-type=\"page\">\n\t\t\t\t<div class=\"elementor-element elementor-element-e1f3428 e-flex e-con-boxed e-con e-parent\" data-id=\"e1f3428\" data-element_type=\"container\" data-e-type=\"container\">\n\t\t\t\t\t<div class=\"e-con-inner\">\n\t\t\t\t<div class=\"elementor-element elementor-element-a6ea5da elementor-widget elementor-widget-heading\" data-id=\"a6ea5da\" data-element_type=\"widget\" data-e-type=\"widget\" data-widget_type=\"heading.default\">\n\t\t\t\t<div class=\"elementor-widget-container\">\n\t\t\t\t\t<h2 class=\"elementor-heading-title elementor-size-default\">Politica de Cookies<\/h2>\t\t\t\t<\/div>\n\t\t\t\t<\/div>\n\t\t\t\t<div class=\"elementor-element elementor-element-fca6fd9 elementor-widget elementor-widget-text-editor\" data-id=\"fca6fd9\" data-element_type=\"widget\" data-e-type=\"widget\" data-widget_type=\"text-editor.default\">\n\t\t\t\t<div class=\"elementor-widget-container\">\n\t\t\t\t\t\t\t\t\t<p class=\"\" data-start=\"133\" data-end=\"433\">En <strong data-start=\"136\" data-end=\"147\">Seelect<\/strong>, entenem com \u00e9s d\u2019important el teu ordinador en el teu dia a dia, ja sigui per treballar, estudiar o gaudir del teu temps lliure. Per aix\u00f2, oferim un servei de <strong data-start=\"308\" data-end=\"341\">reparaci\u00f3 r\u00e0pida i eficient<\/strong>, assegurant-nos que el teu equip torni a funcionar com nou en el menor temps possible.<\/p><p>A continuaci\u00f3 us proporcionem els enlla\u00e7os de diversos navegadors, a trav\u00e9s dels quals podr\u00e0 realitzar aquesta configuraci\u00f3:<\/p><ul><li>Firefox des d&#8217;aqu\u00ed: https:\/\/support.mozilla.org\/ca\/kb\/habilitar-i-deshabilitar-cookies-que-els-sitios-we<\/li><li>Chrome des d&#8217;aqu\u00ed: https:\/\/support.google.com\/chrome\/bin\/answer.py?hl=ca&amp;answer=95647<\/li><li>Explorer des d&#8217;aqu\u00ed: https:\/\/windows.microsoft.com\/ca-es\/internet-explorer\/delete-manage-cookies#ie=ie-10<\/li><li>Safari des d&#8217;aqu\u00ed: https:\/\/support.apple.com\/kb\/ph17191?locale=ca_ES<\/li><li>Opera des d&#8217;aqu\u00ed: https:\/\/help.opera.com\/ca\/latest\/web-preferences\/#cookies<\/li><\/ul><p>Una cookie \u00e9s un fitxer que es descarrega al teu ordinador en accedir a determinades p\u00e0gines web. Les cookies permeten a una p\u00e0gina web, entre altres coses, emmagatzemar i recuperar informaci\u00f3 sobre els h\u00e0bits de navegaci\u00f3 d&#8217;un usuari o del seu equip i, depenent de la informaci\u00f3 que continguin i de la manera com utilitzi el seu equip, es poden utilitzar per recon\u00e8ixer l&#8217;usuari.<\/p><p>Les cookies s\u00f3n essencials per al funcionament d&#8217;internet, aportant innombrables avantatges en la prestaci\u00f3 de serveis interactius, facilitant la navegaci\u00f3 i la usabilitat de la nostra web.<\/p><p>La informaci\u00f3 que us proporcionem a continuaci\u00f3, us ajudar\u00e0 a comprendre els diferents tipus de cookies:<\/p><ul><li>SEGONS L&#8217;ENTITAT QUE LES GESTIONI:<ol><li>Cookies pr\u00f2pies: S\u00f3n aquelles que es recullen pel mateix editor per prestar el servei sol\u00b7licitat per l&#8217;usuari.<\/li><li>Cookies de tercer: S\u00f3n aquelles que s\u00f3n recollides i gestionades per un tercer, aquestes no es poden considerar pr\u00f2pies.<\/li><\/ol><\/li><\/ul><ul><li>SEGONS EL PLA\u00c7 DE TEMPS QUE PERMANEIXIN ACTIVADES:<ol><li>Cookies de sessi\u00f3: Recullen dades mentre l&#8217;usuari navega per la xarxa amb la finalitat de prestar el servei sol\u00b7licitat.<\/li><li>Cookies persistents: S&#8217;emmagatzemen al terminal i la informaci\u00f3 obtinguda, ser\u00e0 utilitzada pel responsable de la cookie amb la finalitat de prestar el servei sol\u00b7licitat.<\/li><\/ol><\/li><\/ul><ul><li>SEGONS LA SEVA FINALITAT:<ol><li>Cookies t\u00e8cniques: S\u00f3n les necess\u00e0ries per a la correcta navegaci\u00f3 per la web.<\/li><li>Cookies de personalitzaci\u00f3: Permeten a l&#8217;usuari les caracter\u00edstiques (idioma) per a la navegaci\u00f3 pel lloc web.<\/li><li>Cookies d&#8217;an\u00e0lisi: Permeten al prestador l&#8217;an\u00e0lisi vinculat a la navegaci\u00f3 realitzada per l&#8217;usuari, amb la finalitat de fer un seguiment d&#8217;\u00fas de la p\u00e0gina web, aix\u00ed com realitzar estad\u00edstiques dels continguts m\u00e9s visitats, nombre de visitants, etc.<\/li><li>Cookies publicit\u00e0ries: Permeten a l&#8217;editor incloure a la web espais publicitaris, segons el contingut de la pr\u00f2pia web.<\/li><li>Cookies de publicitat comportamental: Permeten a l&#8217;editor incloure a la p\u00e0gina web espais publicitaris segons la informaci\u00f3 obtinguda a trav\u00e9s dels h\u00e0bits de navegaci\u00f3 de l&#8217;usuari.<\/li><\/ol><\/li><\/ul><p>Segons el que disposa l&#8217;article 22.2 de la Llei 34\/2002, de 11 de juliol, de Serveis de la Societat de la Informaci\u00f3 i de Comer\u00e7 Electr\u00f2nic (LSSI-CE), PEDRO TUBELLA FERNANDEZ informa de les cookies utilitzades a la nostra p\u00e0gina web:<\/p><ul><li>Google: NID<\/li><li>Google: Session Storage<\/li><li>Google: Local Storage<\/li><li>Polylang: pll_language<\/li><\/ul><p>En www.seelect.es s&#8217;utilitzen cookies t\u00e8cniques i de personalitzaci\u00f3, en sessi\u00f3 i persistents.<\/p>\t\t\t\t\t\t\t\t<\/div>\n\t\t\t\t<\/div>\n\t\t\t\t\t<\/div>\n\t\t\t\t<\/div>\n\t\t\t\t<\/div>\n\t\t","protected":false},"excerpt":{"rendered":"<p>Politica de Cookies En Seelect, entenem com \u00e9s d\u2019important el teu ordinador en el teu dia a dia, ja sigui per treballar, estudiar o gaudir del teu temps lliure. Per aix\u00f2, oferim un servei de reparaci\u00f3 r\u00e0pida i eficient, assegurant-nos que el teu equip torni a funcionar com nou en el menor temps possible. A [&hellip;]<\/p>\n","protected":false},"author":2,"featured_media":0,"parent":0,"menu_order":0,"comment_status":"closed","ping_status":"closed","template":"","meta":{"_acf_changed":false,"footnotes":""},"class_list":["post-3976","page","type-page","status-publish","hentry"],"acf":[],"yoast_head":"<!-- This site is optimized with the Yoast SEO plugin v27.3 - https:\/\/yoast.com\/product\/yoast-seo-wordpress\/ -->\n<title>Pol\u00edtica de Cookies - Seelect<\/title>\n<meta name=\"robots\" content=\"index, follow, max-snippet:-1, max-image-preview:large, max-video-preview:-1\" \/>\n<link rel=\"canonical\" href=\"https:\/\/seelect.es\/ca\/politica-de-cookies\/\" \/>\n<meta property=\"og:locale\" content=\"ca_ES\" \/>\n<meta property=\"og:type\" content=\"article\" \/>\n<meta property=\"og:title\" content=\"Pol\u00edtica de Cookies - Seelect\" \/>\n<meta property=\"og:description\" content=\"Politica de Cookies En Seelect, entenem com \u00e9s d\u2019important el teu ordinador en el teu dia a dia, ja sigui per treballar, estudiar o gaudir del teu temps lliure. Per aix\u00f2, oferim un servei de reparaci\u00f3 r\u00e0pida i eficient, assegurant-nos que el teu equip torni a funcionar com nou en el menor temps possible. A [&hellip;]\" \/>\n<meta property=\"og:url\" content=\"https:\/\/seelect.es\/ca\/politica-de-cookies\/\" \/>\n<meta property=\"og:site_name\" content=\"Seelect\" \/>\n<meta property=\"article:modified_time\" content=\"2025-09-01T15:53:17+00:00\" \/>\n<meta name=\"twitter:card\" content=\"summary_large_image\" \/>\n<meta name=\"twitter:label1\" content=\"Temps estimat de lectura\" \/>\n\t<meta name=\"twitter:data1\" content=\"3 minuts\" \/>\n<script type=\"application\/ld+json\" class=\"yoast-schema-graph\">{\"@context\":\"https:\\\/\\\/schema.org\",\"@graph\":[{\"@type\":\"WebPage\",\"@id\":\"https:\\\/\\\/seelect.es\\\/ca\\\/politica-de-cookies\\\/\",\"url\":\"https:\\\/\\\/seelect.es\\\/ca\\\/politica-de-cookies\\\/\",\"name\":\"Pol\u00edtica de Cookies - Seelect\",\"isPartOf\":{\"@id\":\"https:\\\/\\\/seelect.es\\\/ca\\\/#website\"},\"datePublished\":\"2025-04-15T11:42:02+00:00\",\"dateModified\":\"2025-09-01T15:53:17+00:00\",\"breadcrumb\":{\"@id\":\"https:\\\/\\\/seelect.es\\\/ca\\\/politica-de-cookies\\\/#breadcrumb\"},\"inLanguage\":\"ca\",\"potentialAction\":[{\"@type\":\"ReadAction\",\"target\":[\"https:\\\/\\\/seelect.es\\\/ca\\\/politica-de-cookies\\\/\"]}]},{\"@type\":\"BreadcrumbList\",\"@id\":\"https:\\\/\\\/seelect.es\\\/ca\\\/politica-de-cookies\\\/#breadcrumb\",\"itemListElement\":[{\"@type\":\"ListItem\",\"position\":1,\"name\":\"Portada\",\"item\":\"https:\\\/\\\/seelect.es\\\/ca\\\/\"},{\"@type\":\"ListItem\",\"position\":2,\"name\":\"Pol\u00edtica de Cookies\"}]},{\"@type\":\"WebSite\",\"@id\":\"https:\\\/\\\/seelect.es\\\/ca\\\/#website\",\"url\":\"https:\\\/\\\/seelect.es\\\/ca\\\/\",\"name\":\"Seelect\",\"description\":\"Reparaci\u00f3n y venta de equipos inform\u00e1ticos\",\"publisher\":{\"@id\":\"https:\\\/\\\/seelect.es\\\/ca\\\/#organization\"},\"alternateName\":\"Seelect\",\"potentialAction\":[{\"@type\":\"SearchAction\",\"target\":{\"@type\":\"EntryPoint\",\"urlTemplate\":\"https:\\\/\\\/seelect.es\\\/ca\\\/?s={search_term_string}\"},\"query-input\":{\"@type\":\"PropertyValueSpecification\",\"valueRequired\":true,\"valueName\":\"search_term_string\"}}],\"inLanguage\":\"ca\"},{\"@type\":\"Organization\",\"@id\":\"https:\\\/\\\/seelect.es\\\/ca\\\/#organization\",\"name\":\"Seelect\",\"alternateName\":\"Seelect\",\"url\":\"https:\\\/\\\/seelect.es\\\/ca\\\/\",\"logo\":{\"@type\":\"ImageObject\",\"inLanguage\":\"ca\",\"@id\":\"https:\\\/\\\/seelect.es\\\/ca\\\/#\\\/schema\\\/logo\\\/image\\\/\",\"url\":\"https:\\\/\\\/seelect.es\\\/wp-content\\\/uploads\\\/2025\\\/03\\\/imagen_2025-03-31_122952014.png\",\"contentUrl\":\"https:\\\/\\\/seelect.es\\\/wp-content\\\/uploads\\\/2025\\\/03\\\/imagen_2025-03-31_122952014.png\",\"width\":239,\"height\":100,\"caption\":\"Seelect\"},\"image\":{\"@id\":\"https:\\\/\\\/seelect.es\\\/ca\\\/#\\\/schema\\\/logo\\\/image\\\/\"}}]}<\/script>\n<!-- \/ Yoast SEO plugin. -->","yoast_head_json":{"title":"Pol\u00edtica de Cookies - Seelect","robots":{"index":"index","follow":"follow","max-snippet":"max-snippet:-1","max-image-preview":"max-image-preview:large","max-video-preview":"max-video-preview:-1"},"canonical":"https:\/\/seelect.es\/ca\/politica-de-cookies\/","og_locale":"ca_ES","og_type":"article","og_title":"Pol\u00edtica de Cookies - Seelect","og_description":"Politica de Cookies En Seelect, entenem com \u00e9s d\u2019important el teu ordinador en el teu dia a dia, ja sigui per treballar, estudiar o gaudir del teu temps lliure. Per aix\u00f2, oferim un servei de reparaci\u00f3 r\u00e0pida i eficient, assegurant-nos que el teu equip torni a funcionar com nou en el menor temps possible. A [&hellip;]","og_url":"https:\/\/seelect.es\/ca\/politica-de-cookies\/","og_site_name":"Seelect","article_modified_time":"2025-09-01T15:53:17+00:00","twitter_card":"summary_large_image","twitter_misc":{"Temps estimat de lectura":"3 minuts"},"schema":{"@context":"https:\/\/schema.org","@graph":[{"@type":"WebPage","@id":"https:\/\/seelect.es\/ca\/politica-de-cookies\/","url":"https:\/\/seelect.es\/ca\/politica-de-cookies\/","name":"Pol\u00edtica de Cookies - Seelect","isPartOf":{"@id":"https:\/\/seelect.es\/ca\/#website"},"datePublished":"2025-04-15T11:42:02+00:00","dateModified":"2025-09-01T15:53:17+00:00","breadcrumb":{"@id":"https:\/\/seelect.es\/ca\/politica-de-cookies\/#breadcrumb"},"inLanguage":"ca","potentialAction":[{"@type":"ReadAction","target":["https:\/\/seelect.es\/ca\/politica-de-cookies\/"]}]},{"@type":"BreadcrumbList","@id":"https:\/\/seelect.es\/ca\/politica-de-cookies\/#breadcrumb","itemListElement":[{"@type":"ListItem","position":1,"name":"Portada","item":"https:\/\/seelect.es\/ca\/"},{"@type":"ListItem","position":2,"name":"Pol\u00edtica de Cookies"}]},{"@type":"WebSite","@id":"https:\/\/seelect.es\/ca\/#website","url":"https:\/\/seelect.es\/ca\/","name":"Seelect","description":"Reparaci\u00f3n y venta de equipos inform\u00e1ticos","publisher":{"@id":"https:\/\/seelect.es\/ca\/#organization"},"alternateName":"Seelect","potentialAction":[{"@type":"SearchAction","target":{"@type":"EntryPoint","urlTemplate":"https:\/\/seelect.es\/ca\/?s={search_term_string}"},"query-input":{"@type":"PropertyValueSpecification","valueRequired":true,"valueName":"search_term_string"}}],"inLanguage":"ca"},{"@type":"Organization","@id":"https:\/\/seelect.es\/ca\/#organization","name":"Seelect","alternateName":"Seelect","url":"https:\/\/seelect.es\/ca\/","logo":{"@type":"ImageObject","inLanguage":"ca","@id":"https:\/\/seelect.es\/ca\/#\/schema\/logo\/image\/","url":"https:\/\/seelect.es\/wp-content\/uploads\/2025\/03\/imagen_2025-03-31_122952014.png","contentUrl":"https:\/\/seelect.es\/wp-content\/uploads\/2025\/03\/imagen_2025-03-31_122952014.png","width":239,"height":100,"caption":"Seelect"},"image":{"@id":"https:\/\/seelect.es\/ca\/#\/schema\/logo\/image\/"}}]}},"_links":{"self":[{"href":"https:\/\/seelect.es\/ca\/wp-json\/wp\/v2\/pages\/3976","targetHints":{"allow":["GET"]}}],"collection":[{"href":"https:\/\/seelect.es\/ca\/wp-json\/wp\/v2\/pages"}],"about":[{"href":"https:\/\/seelect.es\/ca\/wp-json\/wp\/v2\/types\/page"}],"author":[{"embeddable":true,"href":"https:\/\/seelect.es\/ca\/wp-json\/wp\/v2\/users\/2"}],"replies":[{"embeddable":true,"href":"https:\/\/seelect.es\/ca\/wp-json\/wp\/v2\/comments?post=3976"}],"version-history":[{"count":3,"href":"https:\/\/seelect.es\/ca\/wp-json\/wp\/v2\/pages\/3976\/revisions"}],"predecessor-version":[{"id":4801,"href":"https:\/\/seelect.es\/ca\/wp-json\/wp\/v2\/pages\/3976\/revisions\/4801"}],"wp:attachment":[{"href":"https:\/\/seelect.es\/ca\/wp-json\/wp\/v2\/media?parent=3976"}],"curies":[{"name":"wp","href":"https:\/\/api.w.org\/{rel}","templated":true}]}}