{"id":3981,"date":"2025-04-15T11:23:19","date_gmt":"2025-04-15T11:23:19","guid":{"rendered":"https:\/\/seelect.es\/politica-de-privacidad\/"},"modified":"2025-09-01T16:00:49","modified_gmt":"2025-09-01T16:00:49","slug":"politica-de-privadesa","status":"publish","type":"page","link":"https:\/\/seelect.es\/ca\/politica-de-privadesa\/","title":{"rendered":"Politica de Privadesa"},"content":{"rendered":"\t\t<div data-elementor-type=\"wp-page\" data-elementor-id=\"3981\" class=\"elementor elementor-3981 elementor-3875\" data-elementor-post-type=\"page\">\n\t\t\t\t<div class=\"elementor-element elementor-element-41a5ecb e-flex e-con-boxed e-con e-parent\" data-id=\"41a5ecb\" data-element_type=\"container\" data-e-type=\"container\">\n\t\t\t\t\t<div class=\"e-con-inner\">\n\t\t\t\t<div class=\"elementor-element elementor-element-7c74add elementor-widget elementor-widget-heading\" data-id=\"7c74add\" data-element_type=\"widget\" data-e-type=\"widget\" data-widget_type=\"heading.default\">\n\t\t\t\t<div class=\"elementor-widget-container\">\n\t\t\t\t\t<h2 class=\"elementor-heading-title elementor-size-default\">Pol\u00edtica de Privadesa<\/h2>\t\t\t\t<\/div>\n\t\t\t\t<\/div>\n\t\t\t\t<div class=\"elementor-element elementor-element-c11ddee elementor-widget elementor-widget-text-editor\" data-id=\"c11ddee\" data-element_type=\"widget\" data-e-type=\"widget\" data-widget_type=\"text-editor.default\">\n\t\t\t\t<div class=\"elementor-widget-container\">\n\t\t\t\t\t\t\t\t\t<p>En compliment del que estableix la Llei Org\u00e0nica 15\/1999, de 13 de desembre, de protecci\u00f3 de dades de car\u00e0cter personal i del Reglament Europeu UE 2016\/679 us informem del seg\u00fcent:<\/p><p><strong>Identitat i dades de contacte del responsable del tractament<\/strong><\/p><p>Comuniquem que les dades que ens faciliteu quedaran incorporades i seran tractades en els fitxers titularitat de PEDRO TUBELLA FERNANDEZ amb NIF 35096030P, degudament inscrites en el Registre General de Protecci\u00f3 de Dades, per tal de poder prestar els nostres serveis, aix\u00ed com per mantenir-vos informats sobre q\u00fcestions relatives a l&#8217;activitat.<\/p><p><strong>Modalitat de recollida i tractament de les dades<\/strong><\/p><p>Les dades es recullen directament de l&#8217;interessat, de forma presencial o mitjan\u00e7ant el formulari de la nostra web corporativa, facilitant-hi tota la informaci\u00f3 necess\u00e0ria que preveu la llei. El tractament es realitza mitjan\u00e7ant instruments automatitzats en compliment de la normativa i de conformitat amb els principis de correcci\u00f3, licitud, transpar\u00e8ncia i tutela de confidencialitat i drets. El nostre sistema inform\u00e0tic est\u00e0 estructurat de manera que es pugui prevenir la p\u00e8rdua de dades, usos il\u00b7l\u00edcits o no correctes i accessos no autoritzats, complint les normes de seguretat exigibles.<\/p><p><strong>Base jur\u00eddica \u2013 Finalitat del tractament<\/strong><\/p><p>Les dades comunicades seran \u00fanicament les estrictament indispensables per a l&#8217;execuci\u00f3 de la prestaci\u00f3 sol\u00b7licitada: pressupostos, factures, informes&#8230; La comunicaci\u00f3 d&#8217;aquestes dades \u00e9s obligat\u00f2ria per poder donar execuci\u00f3 als serveis que se li han ofert i una possible denegaci\u00f3 de la comunicaci\u00f3 per part seva comportar\u00e0 per a aquesta empresa la impossibilitat de complir amb les prestacions acordades.<\/p><p><strong>Destinataris als quals se&#8217;ls pot comunicar les dades<\/strong><\/p><p>Les vostres dades no es comunicaran a tercers, excepte quan sigui necessari i indispensable (o, en tot cas, funcional) per al desenvolupament dels serveis que ens ha demanat o hi hagi una obligaci\u00f3 legal. Es faran altres possibles comunicacions a altres subjectes (autoritzats, nomenats i instru\u00efts espec\u00edficament pel Responsable). Les vostres dades no es difondran a tercers sense que heu prestat pr\u00e8viament i expressament el vostre consentiment i no seran objecte de transmissi\u00f3, sota cap concepte, a tercers pa\u00efsos fora de la UE.<\/p><p><strong>Durada de la conservaci\u00f3 de les dades de car\u00e0cter personal<\/strong><\/p><p>Les vostres dades de car\u00e0cter personal es conservaran durant el temps considerat \u00fatil per a l&#8217;execuci\u00f3 de la prestaci\u00f3 sol\u00b7licitada o per a la gesti\u00f3 d&#8217;activitats administratives posteriors. PEDRO TUBELLA FERNANDEZ es compromet a tractar de forma confidencial les dades de car\u00e0cter personal facilitades i tornar-les a l&#8217;interessat o destruir una vegada finalitzada la relaci\u00f3 contractual.<\/p><p><strong>Drets de linteressat i revocaci\u00f3 del consentiment prestat<\/strong><\/p><p>Vost\u00e8 t\u00e9 dret a sol\u00b7licitar al titular, en qualsevol moment, l&#8217;acc\u00e9s a les seves dades, aix\u00ed com la rectificaci\u00f3, cancel\u00b7laci\u00f3 o portabilitat d&#8217;aquestes. Aix\u00ed mateix, t\u00e9 dret a sol\u00b7licitar la limitaci\u00f3 del tractament o oposar-s&#8217;hi. A m\u00e9s, podreu revocar en qualsevol moment els consentiments prestats a trav\u00e9s de la present nota informativa, dirigint la vostra sol\u00b7licitud a info@seelect.es, aportant acreditaci\u00f3 de la vostra identitat. En cas que considereu que les vostres dades hagin estat tractades de manera il\u00b7leg\u00edtima, teniu dret a dirigir-vos a l&#8217;Autoritat de Control per presentar una reclamaci\u00f3.<\/p><p><strong>Processos de decisi\u00f3 automatitzats. Consentiment expr\u00e9s<\/strong><\/p><p>El titular no utilitza, de cap manera, processos de decisi\u00f3 automatitzats concernents a les vostres dades de car\u00e0cter personal. Amb l&#8217;enviament de les vostres dades de car\u00e0cter personal a trav\u00e9s del nostre formulari a la web, en doneu fe de l&#8217;exactitud i actualitzaci\u00f3, que ha estat informat de forma comprensible, precisa i inequ\u00edvoca de l&#8217;\u00fas i el tractament que s&#8217;aplicaran a les vostres dades, dels drets que us assisteixen i que d\u00f3na el vostre consentiment expr\u00e9s perqu\u00e8 PEDRO TUBELLA FERN contractat.<\/p>\t\t\t\t\t\t\t\t<\/div>\n\t\t\t\t<\/div>\n\t\t\t\t\t<\/div>\n\t\t\t\t<\/div>\n\t\t\t\t<\/div>\n\t\t","protected":false},"excerpt":{"rendered":"<p>Pol\u00edtica de Privadesa En compliment del que estableix la Llei Org\u00e0nica 15\/1999, de 13 de desembre, de protecci\u00f3 de dades de car\u00e0cter personal i del Reglament Europeu UE 2016\/679 us informem del seg\u00fcent: Identitat i dades de contacte del responsable del tractament Comuniquem que les dades que ens faciliteu quedaran incorporades i seran tractades en [&hellip;]<\/p>\n","protected":false},"author":2,"featured_media":0,"parent":0,"menu_order":0,"comment_status":"closed","ping_status":"closed","template":"","meta":{"_acf_changed":false,"footnotes":""},"class_list":["post-3981","page","type-page","status-publish","hentry"],"acf":[],"yoast_head":"<!-- This site is optimized with the Yoast SEO plugin v27.3 - https:\/\/yoast.com\/product\/yoast-seo-wordpress\/ -->\n<title>Politica de Privadesa - Seelect<\/title>\n<meta name=\"robots\" content=\"index, follow, max-snippet:-1, max-image-preview:large, max-video-preview:-1\" \/>\n<link rel=\"canonical\" href=\"https:\/\/seelect.es\/ca\/politica-de-privadesa\/\" \/>\n<meta property=\"og:locale\" content=\"ca_ES\" \/>\n<meta property=\"og:type\" content=\"article\" \/>\n<meta property=\"og:title\" content=\"Politica de Privadesa - Seelect\" \/>\n<meta property=\"og:description\" content=\"Pol\u00edtica de Privadesa En compliment del que estableix la Llei Org\u00e0nica 15\/1999, de 13 de desembre, de protecci\u00f3 de dades de car\u00e0cter personal i del Reglament Europeu UE 2016\/679 us informem del seg\u00fcent: Identitat i dades de contacte del responsable del tractament Comuniquem que les dades que ens faciliteu quedaran incorporades i seran tractades en [&hellip;]\" \/>\n<meta property=\"og:url\" content=\"https:\/\/seelect.es\/ca\/politica-de-privadesa\/\" \/>\n<meta property=\"og:site_name\" content=\"Seelect\" \/>\n<meta property=\"article:modified_time\" content=\"2025-09-01T16:00:49+00:00\" \/>\n<meta name=\"twitter:card\" content=\"summary_large_image\" \/>\n<meta name=\"twitter:label1\" content=\"Temps estimat de lectura\" \/>\n\t<meta name=\"twitter:data1\" content=\"4 minuts\" \/>\n<script type=\"application\/ld+json\" class=\"yoast-schema-graph\">{\"@context\":\"https:\\\/\\\/schema.org\",\"@graph\":[{\"@type\":\"WebPage\",\"@id\":\"https:\\\/\\\/seelect.es\\\/ca\\\/politica-de-privadesa\\\/\",\"url\":\"https:\\\/\\\/seelect.es\\\/ca\\\/politica-de-privadesa\\\/\",\"name\":\"Politica de Privadesa - Seelect\",\"isPartOf\":{\"@id\":\"https:\\\/\\\/seelect.es\\\/ca\\\/#website\"},\"datePublished\":\"2025-04-15T11:23:19+00:00\",\"dateModified\":\"2025-09-01T16:00:49+00:00\",\"breadcrumb\":{\"@id\":\"https:\\\/\\\/seelect.es\\\/ca\\\/politica-de-privadesa\\\/#breadcrumb\"},\"inLanguage\":\"ca\",\"potentialAction\":[{\"@type\":\"ReadAction\",\"target\":[\"https:\\\/\\\/seelect.es\\\/ca\\\/politica-de-privadesa\\\/\"]}]},{\"@type\":\"BreadcrumbList\",\"@id\":\"https:\\\/\\\/seelect.es\\\/ca\\\/politica-de-privadesa\\\/#breadcrumb\",\"itemListElement\":[{\"@type\":\"ListItem\",\"position\":1,\"name\":\"Portada\",\"item\":\"https:\\\/\\\/seelect.es\\\/ca\\\/\"},{\"@type\":\"ListItem\",\"position\":2,\"name\":\"Politica de Privadesa\"}]},{\"@type\":\"WebSite\",\"@id\":\"https:\\\/\\\/seelect.es\\\/ca\\\/#website\",\"url\":\"https:\\\/\\\/seelect.es\\\/ca\\\/\",\"name\":\"Seelect\",\"description\":\"Reparaci\u00f3n y venta de equipos inform\u00e1ticos\",\"publisher\":{\"@id\":\"https:\\\/\\\/seelect.es\\\/ca\\\/#organization\"},\"alternateName\":\"Seelect\",\"potentialAction\":[{\"@type\":\"SearchAction\",\"target\":{\"@type\":\"EntryPoint\",\"urlTemplate\":\"https:\\\/\\\/seelect.es\\\/ca\\\/?s={search_term_string}\"},\"query-input\":{\"@type\":\"PropertyValueSpecification\",\"valueRequired\":true,\"valueName\":\"search_term_string\"}}],\"inLanguage\":\"ca\"},{\"@type\":\"Organization\",\"@id\":\"https:\\\/\\\/seelect.es\\\/ca\\\/#organization\",\"name\":\"Seelect\",\"alternateName\":\"Seelect\",\"url\":\"https:\\\/\\\/seelect.es\\\/ca\\\/\",\"logo\":{\"@type\":\"ImageObject\",\"inLanguage\":\"ca\",\"@id\":\"https:\\\/\\\/seelect.es\\\/ca\\\/#\\\/schema\\\/logo\\\/image\\\/\",\"url\":\"https:\\\/\\\/seelect.es\\\/wp-content\\\/uploads\\\/2025\\\/03\\\/imagen_2025-03-31_122952014.png\",\"contentUrl\":\"https:\\\/\\\/seelect.es\\\/wp-content\\\/uploads\\\/2025\\\/03\\\/imagen_2025-03-31_122952014.png\",\"width\":239,\"height\":100,\"caption\":\"Seelect\"},\"image\":{\"@id\":\"https:\\\/\\\/seelect.es\\\/ca\\\/#\\\/schema\\\/logo\\\/image\\\/\"}}]}<\/script>\n<!-- \/ Yoast SEO plugin. -->","yoast_head_json":{"title":"Politica de Privadesa - Seelect","robots":{"index":"index","follow":"follow","max-snippet":"max-snippet:-1","max-image-preview":"max-image-preview:large","max-video-preview":"max-video-preview:-1"},"canonical":"https:\/\/seelect.es\/ca\/politica-de-privadesa\/","og_locale":"ca_ES","og_type":"article","og_title":"Politica de Privadesa - Seelect","og_description":"Pol\u00edtica de Privadesa En compliment del que estableix la Llei Org\u00e0nica 15\/1999, de 13 de desembre, de protecci\u00f3 de dades de car\u00e0cter personal i del Reglament Europeu UE 2016\/679 us informem del seg\u00fcent: Identitat i dades de contacte del responsable del tractament Comuniquem que les dades que ens faciliteu quedaran incorporades i seran tractades en [&hellip;]","og_url":"https:\/\/seelect.es\/ca\/politica-de-privadesa\/","og_site_name":"Seelect","article_modified_time":"2025-09-01T16:00:49+00:00","twitter_card":"summary_large_image","twitter_misc":{"Temps estimat de lectura":"4 minuts"},"schema":{"@context":"https:\/\/schema.org","@graph":[{"@type":"WebPage","@id":"https:\/\/seelect.es\/ca\/politica-de-privadesa\/","url":"https:\/\/seelect.es\/ca\/politica-de-privadesa\/","name":"Politica de Privadesa - Seelect","isPartOf":{"@id":"https:\/\/seelect.es\/ca\/#website"},"datePublished":"2025-04-15T11:23:19+00:00","dateModified":"2025-09-01T16:00:49+00:00","breadcrumb":{"@id":"https:\/\/seelect.es\/ca\/politica-de-privadesa\/#breadcrumb"},"inLanguage":"ca","potentialAction":[{"@type":"ReadAction","target":["https:\/\/seelect.es\/ca\/politica-de-privadesa\/"]}]},{"@type":"BreadcrumbList","@id":"https:\/\/seelect.es\/ca\/politica-de-privadesa\/#breadcrumb","itemListElement":[{"@type":"ListItem","position":1,"name":"Portada","item":"https:\/\/seelect.es\/ca\/"},{"@type":"ListItem","position":2,"name":"Politica de Privadesa"}]},{"@type":"WebSite","@id":"https:\/\/seelect.es\/ca\/#website","url":"https:\/\/seelect.es\/ca\/","name":"Seelect","description":"Reparaci\u00f3n y venta de equipos inform\u00e1ticos","publisher":{"@id":"https:\/\/seelect.es\/ca\/#organization"},"alternateName":"Seelect","potentialAction":[{"@type":"SearchAction","target":{"@type":"EntryPoint","urlTemplate":"https:\/\/seelect.es\/ca\/?s={search_term_string}"},"query-input":{"@type":"PropertyValueSpecification","valueRequired":true,"valueName":"search_term_string"}}],"inLanguage":"ca"},{"@type":"Organization","@id":"https:\/\/seelect.es\/ca\/#organization","name":"Seelect","alternateName":"Seelect","url":"https:\/\/seelect.es\/ca\/","logo":{"@type":"ImageObject","inLanguage":"ca","@id":"https:\/\/seelect.es\/ca\/#\/schema\/logo\/image\/","url":"https:\/\/seelect.es\/wp-content\/uploads\/2025\/03\/imagen_2025-03-31_122952014.png","contentUrl":"https:\/\/seelect.es\/wp-content\/uploads\/2025\/03\/imagen_2025-03-31_122952014.png","width":239,"height":100,"caption":"Seelect"},"image":{"@id":"https:\/\/seelect.es\/ca\/#\/schema\/logo\/image\/"}}]}},"_links":{"self":[{"href":"https:\/\/seelect.es\/ca\/wp-json\/wp\/v2\/pages\/3981","targetHints":{"allow":["GET"]}}],"collection":[{"href":"https:\/\/seelect.es\/ca\/wp-json\/wp\/v2\/pages"}],"about":[{"href":"https:\/\/seelect.es\/ca\/wp-json\/wp\/v2\/types\/page"}],"author":[{"embeddable":true,"href":"https:\/\/seelect.es\/ca\/wp-json\/wp\/v2\/users\/2"}],"replies":[{"embeddable":true,"href":"https:\/\/seelect.es\/ca\/wp-json\/wp\/v2\/comments?post=3981"}],"version-history":[{"count":9,"href":"https:\/\/seelect.es\/ca\/wp-json\/wp\/v2\/pages\/3981\/revisions"}],"predecessor-version":[{"id":4816,"href":"https:\/\/seelect.es\/ca\/wp-json\/wp\/v2\/pages\/3981\/revisions\/4816"}],"wp:attachment":[{"href":"https:\/\/seelect.es\/ca\/wp-json\/wp\/v2\/media?parent=3981"}],"curies":[{"name":"wp","href":"https:\/\/api.w.org\/{rel}","templated":true}]}}