{"id":3982,"date":"2025-04-15T11:33:20","date_gmt":"2025-04-15T11:33:20","guid":{"rendered":"https:\/\/seelect.es\/condiciones-de-uso\/"},"modified":"2025-09-01T15:52:41","modified_gmt":"2025-09-01T15:52:41","slug":"condicions-dus","status":"publish","type":"page","link":"https:\/\/seelect.es\/ca\/condicions-dus\/","title":{"rendered":"Condicions d&#8217;us"},"content":{"rendered":"\t\t<div data-elementor-type=\"wp-page\" data-elementor-id=\"3982\" class=\"elementor elementor-3982 elementor-3879\" data-elementor-post-type=\"page\">\n\t\t\t\t<div class=\"elementor-element elementor-element-f3def51 e-flex e-con-boxed e-con e-parent\" data-id=\"f3def51\" data-element_type=\"container\" data-e-type=\"container\">\n\t\t\t\t\t<div class=\"e-con-inner\">\n\t\t\t\t<div class=\"elementor-element elementor-element-88f4a61 elementor-widget elementor-widget-heading\" data-id=\"88f4a61\" data-element_type=\"widget\" data-e-type=\"widget\" data-widget_type=\"heading.default\">\n\t\t\t\t<div class=\"elementor-widget-container\">\n\t\t\t\t\t<h2 class=\"elementor-heading-title elementor-size-default\">Condicions d'us<\/h2>\t\t\t\t<\/div>\n\t\t\t\t<\/div>\n\t\t\t\t<div class=\"elementor-element elementor-element-8eb8f10 elementor-widget elementor-widget-text-editor\" data-id=\"8eb8f10\" data-element_type=\"widget\" data-e-type=\"widget\" data-widget_type=\"text-editor.default\">\n\t\t\t\t<div class=\"elementor-widget-container\">\n\t\t\t\t\t\t\t\t\t<div data-id=\"315ee4c\" data-element_type=\"widget\" data-widget_type=\"text-editor.default\">\n<div>\n\nEn compliment de la Llei 34\/2002, de 11 de juliol, de Serveis de la Societat de la Informaci\u00f3 i de Comer\u00e7 Electr\u00f2nic (LSSI-CE), PEDRO TUBELLA FERNANDEZ informa que \u00e9s titular del lloc web www.seelect.es. D&#8217;acord amb l&#8217;exig\u00e8ncia de l&#8217;article 10 de la citada Llei, PEDRO TUBELLA FERNANDEZ informa dels seg\u00fcents dades:\n\n<\/div>\n<\/div>\n<div data-id=\"0ba8c2a\" data-element_type=\"widget\" data-widget_type=\"text-editor.default\">\n<div>\n\nEl titular d&#8217;aquest lloc web \u00e9s PEDRO TUBELLA FERNANDEZ amb NIF 35096030P i domicili a <span style=\"text-align: var(--text-align); background-color: transparent;\">Carrer Pere Monistrol, 16. Sabadell.<\/span>\n\nL&#8217;adre\u00e7a de correu electr\u00f2nic de contacte amb l&#8217;empresa \u00e9s: info@seelect.es\n\n<\/div>\n<\/div>\n<div data-id=\"4acdcda\" data-element_type=\"widget\" data-widget_type=\"heading.default\">\n<div>\n<h4>Usuari i r\u00e8gim de responsabilitats<\/h4>\n<\/div>\n<\/div>\n<div data-id=\"0677078\" data-element_type=\"widget\" data-widget_type=\"text-editor.default\">\n<div>\n<div data-id=\"dcca9d3\" data-element_type=\"widget\" data-widget_type=\"text-editor.default\">\n<div>\n\nLa navegaci\u00f3, acc\u00e9s i \u00fas pel lloc web de PEDRO TUBELLA FERNANDEZ atorga la condici\u00f3 d&#8217;usuari, per la qual s&#8217;accepten, des de la navegaci\u00f3 pel lloc web de PEDRO TUBELLA FERNANDEZ, totes les condicions d&#8217;\u00fas aqu\u00ed establertes sense perjudici de l&#8217;aplicaci\u00f3 de la corresponent normativa d&#8217;obligat compliment legal segons el cas.\n\n<\/div>\n<\/div>\n<div data-id=\"c7e16fb\" data-element_type=\"widget\" data-widget_type=\"text-editor.default\">\n<div>\n\nEl lloc web de PEDRO TUBELLA FERNANDEZ proporciona una gran diversitat d&#8217;informaci\u00f3, serveis i dades. L&#8217;usuari assumeix la seva responsabilitat en l&#8217;\u00fas correcte del lloc web. Aquesta responsabilitat s&#8217;estendr\u00e0 a:\n<ul>\n \t<li>La veracitat i licitud de les informacions aportades per l&#8217;usuari als formularis estesos per PEDRO TUBELLA FERNANDEZ per a l&#8217;acc\u00e9s a certs continguts o serveis oferts pel web.<\/li>\n \t<li>L&#8217;\u00fas de la informaci\u00f3, serveis i dades oferts per PEDRO TUBELLA FERNANDEZ contr\u00e0riament al que disposen aquestes condicions, la Llei, la moral, les bones costums o l&#8217;ordre p\u00fablic, o que d&#8217;una altra manera puguin suposar la lesi\u00f3 dels drets de tercers o del mateix funcionament del lloc web.<\/li>\n<\/ul>\n<\/div>\n<\/div>\n<\/div>\n<\/div>\n<div data-id=\"b4f9a73\" data-element_type=\"widget\" data-widget_type=\"heading.default\">\n<div>\n<h4>Pol\u00edtica d&#8217;enlla\u00e7os i exempcions de responsabilitat<\/h4>\n<\/div>\n<\/div>\n<div data-id=\"047de35\" data-element_type=\"widget\" data-widget_type=\"text-editor.default\">\n<div>\n<div data-id=\"50da305\" data-element_type=\"widget\" data-widget_type=\"text-editor.default\">\n<div>\n\n<span style=\"text-align: var(--text-align); background-color: transparent;\">PEDRO TUBELLA FERNANDEZ<\/span> no es fa responsable del contingut dels llocs web als quals l&#8217;usuari pugui accedir a trav\u00e9s dels enlla\u00e7os establerts al seu lloc web i declara que en cap cas procedir\u00e0 a examinar o exercir cap tipus de control sobre el contingut d&#8217;altres llocs de la xarxa. Aix\u00ed mateix, tampoc garantir\u00e0 la disponibilitat t\u00e8cnica, exactitud, veracitat, validesa o legalitat de llocs aliens a la seva propietat als quals es pugui accedir per mitj\u00e0 dels enlla\u00e7os.\n\n<\/div>\n<\/div>\n<div data-id=\"929f2b7\" data-element_type=\"widget\" data-widget_type=\"text-editor.default\">\n<div>\n\nPEDRO TUBELLA FERNANDEZ declara haver adoptat totes les mesures necess\u00e0ries per evitar qualsevol dany als usuaris del seu lloc web, que poguessin derivar-se de la navegaci\u00f3 pel seu lloc web. En conseq\u00fc\u00e8ncia, PEDRO TUBELLA FERNANDEZ no es fa responsable, en cap cas, dels eventuals danys que per la navegaci\u00f3 per Internet pogu\u00e9s patir l&#8217;usuari.\n\n<\/div>\n<\/div>\n<\/div>\n<\/div>\n<div data-id=\"c624ab1\" data-element_type=\"widget\" data-widget_type=\"heading.default\">\n<div>\n<h4>Modificacions<\/h4>\n<\/div>\n<\/div>\n<div data-id=\"09677d1\" data-element_type=\"widget\" data-widget_type=\"text-editor.default\">\n<div>\n\nPEDRO TUBELLA FERNANDEZ es reserva el dret de realitzar les modificacions que consideri oportunes, sense av\u00eds previ, en el contingut del seu lloc web. Tant en relaci\u00f3 als continguts del lloc web, com en les condicions d&#8217;\u00fas del mateix. Aquestes modificacions podran realitzar-se a trav\u00e9s del seu lloc web per qualsevol forma admissible en dret i seran d&#8217;obligat compliment durant el temps en qu\u00e8 es trobin publicades al web i fins que no siguin modificades v\u00e0lidament per altres posteriors.\n\n<\/div>\n<\/div>\n<div data-id=\"56b00ce\" data-element_type=\"widget\" data-widget_type=\"heading.default\">\n<div>\n<h4>Protecci\u00f3 de dades<\/h4>\n<\/div>\n<\/div>\n<div data-id=\"62428a0\" data-element_type=\"widget\" data-widget_type=\"text-editor.default\">\n<div>\n<div data-id=\"d07a2d4\" data-element_type=\"widget\" data-widget_type=\"text-editor.default\">\n<div>\n\nD&#8217;acord amb el que estableix la normativa vigent en Protecci\u00f3 de Dades de Car\u00e0cter Personal, li informem que les seves dades seran incorporades al sistema de tractament titularitat de PEDRO TUBELLA FERNANDEZ amb la finalitat de poder facilitar, agilitzar i complir els compromisos establerts entre ambdues parts. En compliment de la normativa vigent, PEDRO TUBELLA FERNANDEZ informa que les dades seran conservades durant el termini estrictament necessari per complir amb els preceptes esmentats anteriorment.\n\n<\/div>\n<\/div>\n<div data-id=\"9787256\" data-element_type=\"widget\" data-widget_type=\"text-editor.default\">\n<div>\n\nLi informem que el tractament de les seves dades est\u00e0 legitimat pel seu consentiment.\n\n<\/div>\n<\/div>\n<div data-id=\"722ca4d\" data-element_type=\"widget\" data-widget_type=\"text-editor.default\">\n<div>\n\nPEDRO TUBELLA FERNANDEZ informa que procedir\u00e0 a tractar les dades de manera l\u00edcita, leial, transparent, adequada, pertinent, limitada, exacta i actualitzada. \u00c9s per aix\u00f2 que PEDRO TUBELLA FERNANDEZ es compromet a adoptar totes les mesures raonables perqu\u00e8 aquests es suprimeixin o rectifiquin sense dilaci\u00f3 quan siguin inexactes.\n\n<\/div>\n<\/div>\n<div data-id=\"ddae0eb\" data-element_type=\"widget\" data-widget_type=\"text-editor.default\">\n<div>\n\nD&#8217;acord amb els drets que li atorga la normativa vigent en protecci\u00f3 de dades, podr\u00e0 exercir els drets d&#8217;acc\u00e9s, rectificaci\u00f3, limitaci\u00f3 de tractament, supressi\u00f3, portabilitat i oposici\u00f3 al tractament de les seves dades de car\u00e0cter personal aix\u00ed com del consentiment prestat per al tractament dels mateixos, adre\u00e7ant la seva petici\u00f3 a l&#8217;adre\u00e7a postal indicada m\u00e9s amunt o al correu electr\u00f2nic: <span style=\"font-family: Roboto, sans-serif; font-size: 14px; font-style: normal; font-variant-ligatures: normal; font-variant-caps: normal; font-weight: 400;\">info@seelect.es<\/span><span style=\"font-family: 'Gill Sans MT', sans-serif; font-size: 11pt; text-align: var(--text-align); background-color: var(--ast-global-color-5); color: var(--ast-global-color-3);\">\u00a0<\/span><span style=\"font-style: inherit; font-weight: inherit; text-align: var(--text-align); background-color: var(--ast-global-color-5); color: var(--ast-global-color-3);\">Podr\u00e0 adre\u00e7ar-se a l&#8217;Autoritat de Control competent per presentar la reclamaci\u00f3 que consideri oportuna.<\/span>\n\n<span style=\"font-style: inherit; font-weight: inherit; text-align: var(--text-align); background-color: var(--ast-global-color-5); color: var(--ast-global-color-3);\">\u00a0<\/span>\n\n<\/div>\n<\/div>\n<\/div>\n<\/div>\n\t\t\t\t\t\t\t\t<\/div>\n\t\t\t\t<\/div>\n\t\t\t\t\t<\/div>\n\t\t\t\t<\/div>\n\t\t\t\t<\/div>\n\t\t","protected":false},"excerpt":{"rendered":"<p>Condicions d&#8217;us En compliment de la Llei 34\/2002, de 11 de juliol, de Serveis de la Societat de la Informaci\u00f3 i de Comer\u00e7 Electr\u00f2nic (LSSI-CE), PEDRO TUBELLA FERNANDEZ informa que \u00e9s titular del lloc web www.seelect.es. D&#8217;acord amb l&#8217;exig\u00e8ncia de l&#8217;article 10 de la citada Llei, PEDRO TUBELLA FERNANDEZ informa dels seg\u00fcents dades: El titular [&hellip;]<\/p>\n","protected":false},"author":2,"featured_media":0,"parent":0,"menu_order":0,"comment_status":"closed","ping_status":"closed","template":"","meta":{"_acf_changed":false,"footnotes":""},"class_list":["post-3982","page","type-page","status-publish","hentry"],"acf":[],"yoast_head":"<!-- This site is optimized with the Yoast SEO plugin v27.3 - https:\/\/yoast.com\/product\/yoast-seo-wordpress\/ -->\n<title>Condicions d&#039;us - Seelect<\/title>\n<meta name=\"robots\" content=\"index, follow, max-snippet:-1, max-image-preview:large, max-video-preview:-1\" \/>\n<link rel=\"canonical\" href=\"https:\/\/seelect.es\/ca\/condicions-dus\/\" \/>\n<meta property=\"og:locale\" content=\"ca_ES\" \/>\n<meta property=\"og:type\" content=\"article\" \/>\n<meta property=\"og:title\" content=\"Condicions d&#039;us - Seelect\" \/>\n<meta property=\"og:description\" content=\"Condicions d&#8217;us En compliment de la Llei 34\/2002, de 11 de juliol, de Serveis de la Societat de la Informaci\u00f3 i de Comer\u00e7 Electr\u00f2nic (LSSI-CE), PEDRO TUBELLA FERNANDEZ informa que \u00e9s titular del lloc web www.seelect.es. D&#8217;acord amb l&#8217;exig\u00e8ncia de l&#8217;article 10 de la citada Llei, PEDRO TUBELLA FERNANDEZ informa dels seg\u00fcents dades: El titular [&hellip;]\" \/>\n<meta property=\"og:url\" content=\"https:\/\/seelect.es\/ca\/condicions-dus\/\" \/>\n<meta property=\"og:site_name\" content=\"Seelect\" \/>\n<meta property=\"article:modified_time\" content=\"2025-09-01T15:52:41+00:00\" \/>\n<meta name=\"twitter:card\" content=\"summary_large_image\" \/>\n<meta name=\"twitter:label1\" content=\"Temps estimat de lectura\" \/>\n\t<meta name=\"twitter:data1\" content=\"4 minuts\" \/>\n<script type=\"application\/ld+json\" class=\"yoast-schema-graph\">{\"@context\":\"https:\\\/\\\/schema.org\",\"@graph\":[{\"@type\":\"WebPage\",\"@id\":\"https:\\\/\\\/seelect.es\\\/ca\\\/condicions-dus\\\/\",\"url\":\"https:\\\/\\\/seelect.es\\\/ca\\\/condicions-dus\\\/\",\"name\":\"Condicions d'us - Seelect\",\"isPartOf\":{\"@id\":\"https:\\\/\\\/seelect.es\\\/ca\\\/#website\"},\"datePublished\":\"2025-04-15T11:33:20+00:00\",\"dateModified\":\"2025-09-01T15:52:41+00:00\",\"breadcrumb\":{\"@id\":\"https:\\\/\\\/seelect.es\\\/ca\\\/condicions-dus\\\/#breadcrumb\"},\"inLanguage\":\"ca\",\"potentialAction\":[{\"@type\":\"ReadAction\",\"target\":[\"https:\\\/\\\/seelect.es\\\/ca\\\/condicions-dus\\\/\"]}]},{\"@type\":\"BreadcrumbList\",\"@id\":\"https:\\\/\\\/seelect.es\\\/ca\\\/condicions-dus\\\/#breadcrumb\",\"itemListElement\":[{\"@type\":\"ListItem\",\"position\":1,\"name\":\"Portada\",\"item\":\"https:\\\/\\\/seelect.es\\\/ca\\\/\"},{\"@type\":\"ListItem\",\"position\":2,\"name\":\"Condicions d&#8217;us\"}]},{\"@type\":\"WebSite\",\"@id\":\"https:\\\/\\\/seelect.es\\\/ca\\\/#website\",\"url\":\"https:\\\/\\\/seelect.es\\\/ca\\\/\",\"name\":\"Seelect\",\"description\":\"Reparaci\u00f3n y venta de equipos inform\u00e1ticos\",\"publisher\":{\"@id\":\"https:\\\/\\\/seelect.es\\\/ca\\\/#organization\"},\"alternateName\":\"Seelect\",\"potentialAction\":[{\"@type\":\"SearchAction\",\"target\":{\"@type\":\"EntryPoint\",\"urlTemplate\":\"https:\\\/\\\/seelect.es\\\/ca\\\/?s={search_term_string}\"},\"query-input\":{\"@type\":\"PropertyValueSpecification\",\"valueRequired\":true,\"valueName\":\"search_term_string\"}}],\"inLanguage\":\"ca\"},{\"@type\":\"Organization\",\"@id\":\"https:\\\/\\\/seelect.es\\\/ca\\\/#organization\",\"name\":\"Seelect\",\"alternateName\":\"Seelect\",\"url\":\"https:\\\/\\\/seelect.es\\\/ca\\\/\",\"logo\":{\"@type\":\"ImageObject\",\"inLanguage\":\"ca\",\"@id\":\"https:\\\/\\\/seelect.es\\\/ca\\\/#\\\/schema\\\/logo\\\/image\\\/\",\"url\":\"https:\\\/\\\/seelect.es\\\/wp-content\\\/uploads\\\/2025\\\/03\\\/imagen_2025-03-31_122952014.png\",\"contentUrl\":\"https:\\\/\\\/seelect.es\\\/wp-content\\\/uploads\\\/2025\\\/03\\\/imagen_2025-03-31_122952014.png\",\"width\":239,\"height\":100,\"caption\":\"Seelect\"},\"image\":{\"@id\":\"https:\\\/\\\/seelect.es\\\/ca\\\/#\\\/schema\\\/logo\\\/image\\\/\"}}]}<\/script>\n<!-- \/ Yoast SEO plugin. -->","yoast_head_json":{"title":"Condicions d'us - Seelect","robots":{"index":"index","follow":"follow","max-snippet":"max-snippet:-1","max-image-preview":"max-image-preview:large","max-video-preview":"max-video-preview:-1"},"canonical":"https:\/\/seelect.es\/ca\/condicions-dus\/","og_locale":"ca_ES","og_type":"article","og_title":"Condicions d'us - Seelect","og_description":"Condicions d&#8217;us En compliment de la Llei 34\/2002, de 11 de juliol, de Serveis de la Societat de la Informaci\u00f3 i de Comer\u00e7 Electr\u00f2nic (LSSI-CE), PEDRO TUBELLA FERNANDEZ informa que \u00e9s titular del lloc web www.seelect.es. D&#8217;acord amb l&#8217;exig\u00e8ncia de l&#8217;article 10 de la citada Llei, PEDRO TUBELLA FERNANDEZ informa dels seg\u00fcents dades: El titular [&hellip;]","og_url":"https:\/\/seelect.es\/ca\/condicions-dus\/","og_site_name":"Seelect","article_modified_time":"2025-09-01T15:52:41+00:00","twitter_card":"summary_large_image","twitter_misc":{"Temps estimat de lectura":"4 minuts"},"schema":{"@context":"https:\/\/schema.org","@graph":[{"@type":"WebPage","@id":"https:\/\/seelect.es\/ca\/condicions-dus\/","url":"https:\/\/seelect.es\/ca\/condicions-dus\/","name":"Condicions d'us - Seelect","isPartOf":{"@id":"https:\/\/seelect.es\/ca\/#website"},"datePublished":"2025-04-15T11:33:20+00:00","dateModified":"2025-09-01T15:52:41+00:00","breadcrumb":{"@id":"https:\/\/seelect.es\/ca\/condicions-dus\/#breadcrumb"},"inLanguage":"ca","potentialAction":[{"@type":"ReadAction","target":["https:\/\/seelect.es\/ca\/condicions-dus\/"]}]},{"@type":"BreadcrumbList","@id":"https:\/\/seelect.es\/ca\/condicions-dus\/#breadcrumb","itemListElement":[{"@type":"ListItem","position":1,"name":"Portada","item":"https:\/\/seelect.es\/ca\/"},{"@type":"ListItem","position":2,"name":"Condicions d&#8217;us"}]},{"@type":"WebSite","@id":"https:\/\/seelect.es\/ca\/#website","url":"https:\/\/seelect.es\/ca\/","name":"Seelect","description":"Reparaci\u00f3n y venta de equipos inform\u00e1ticos","publisher":{"@id":"https:\/\/seelect.es\/ca\/#organization"},"alternateName":"Seelect","potentialAction":[{"@type":"SearchAction","target":{"@type":"EntryPoint","urlTemplate":"https:\/\/seelect.es\/ca\/?s={search_term_string}"},"query-input":{"@type":"PropertyValueSpecification","valueRequired":true,"valueName":"search_term_string"}}],"inLanguage":"ca"},{"@type":"Organization","@id":"https:\/\/seelect.es\/ca\/#organization","name":"Seelect","alternateName":"Seelect","url":"https:\/\/seelect.es\/ca\/","logo":{"@type":"ImageObject","inLanguage":"ca","@id":"https:\/\/seelect.es\/ca\/#\/schema\/logo\/image\/","url":"https:\/\/seelect.es\/wp-content\/uploads\/2025\/03\/imagen_2025-03-31_122952014.png","contentUrl":"https:\/\/seelect.es\/wp-content\/uploads\/2025\/03\/imagen_2025-03-31_122952014.png","width":239,"height":100,"caption":"Seelect"},"image":{"@id":"https:\/\/seelect.es\/ca\/#\/schema\/logo\/image\/"}}]}},"_links":{"self":[{"href":"https:\/\/seelect.es\/ca\/wp-json\/wp\/v2\/pages\/3982","targetHints":{"allow":["GET"]}}],"collection":[{"href":"https:\/\/seelect.es\/ca\/wp-json\/wp\/v2\/pages"}],"about":[{"href":"https:\/\/seelect.es\/ca\/wp-json\/wp\/v2\/types\/page"}],"author":[{"embeddable":true,"href":"https:\/\/seelect.es\/ca\/wp-json\/wp\/v2\/users\/2"}],"replies":[{"embeddable":true,"href":"https:\/\/seelect.es\/ca\/wp-json\/wp\/v2\/comments?post=3982"}],"version-history":[{"count":3,"href":"https:\/\/seelect.es\/ca\/wp-json\/wp\/v2\/pages\/3982\/revisions"}],"predecessor-version":[{"id":4798,"href":"https:\/\/seelect.es\/ca\/wp-json\/wp\/v2\/pages\/3982\/revisions\/4798"}],"wp:attachment":[{"href":"https:\/\/seelect.es\/ca\/wp-json\/wp\/v2\/media?parent=3982"}],"curies":[{"name":"wp","href":"https:\/\/api.w.org\/{rel}","templated":true}]}}